{"id":4844,"date":"2022-10-25T20:16:36","date_gmt":"2022-10-25T20:16:36","guid":{"rendered":"https:\/\/tpm.com.tr\/?page_id=4844"},"modified":"2022-11-04T13:59:01","modified_gmt":"2022-11-04T13:59:01","slug":"home","status":"publish","type":"page","link":"https:\/\/tpm.com.tr\/en\/","title":{"rendered":"Home"},"content":{"rendered":"<p>[vc_row wrap_container=&#8221;yes&#8221; el_id=&#8221;practice-areas&#8221;][vc_column][vc_empty_space][vc_row_inner][vc_column_inner width=&#8221;1\/4&#8243;][vc_custom_heading text=&#8221;Pumps&#8221; font_container=&#8221;tag:h4|text_align:center|color:%231e73be&#8221; google_fonts=&#8221;font_family:Fira%20Sans%3A300%2C300italic%2C400%2C400italic%2C500%2C500italic%2C700%2C700italic|font_style:700%20bold%20regular%3A700%3Anormal&#8221; link=&#8221;url:https%3A%2F%2Ftpm.com.tr%2Fpompalar%2F|title:S%C4%B1zd%C4%B1rmazl%C4%B1k%20Elemanlar%C4%B1&#8243;]<div class=\"porto-image-frame \"><div class=\"thumb-info\"><a href=\"\/en\/pumps\/\" title=\"Pumps\" target=\"_self\"><span class=\"thumb-info-wrapper\"><img loading=\"lazy\" decoding=\"async\" alt=\"pompalar\" src=\"\/\/tpm.com.tr\/wp-content\/uploads\/2022\/01\/pompalar.jpg\" class=\"img-responsive\" width=\"395\" height=\"389\"><span class=\"thumb-info-action\"><span class=\"thumb-info-action-icon\"><i class=\"fas fa-link\"><\/i><\/span><\/span><\/span><\/a><\/div><\/div>[\/vc_column_inner][vc_column_inner width=&#8221;1\/4&#8243;][vc_custom_heading text=&#8221;Lubrication and Spraying Systems&#8221; font_container=&#8221;tag:h4|text_align:center|color:%231e73be&#8221; google_fonts=&#8221;font_family:Fira%20Sans%3A300%2C300italic%2C400%2C400italic%2C500%2C500italic%2C700%2C700italic|font_style:700%20bold%20regular%3A700%3Anormal&#8221; link=&#8221;url:https%3A%2F%2Ftpm.com.tr%2Fotomatik-yaglama-sistemleri%2F|title:S%C4%B1zd%C4%B1rmazl%C4%B1k%20Elemanlar%C4%B1&#8243;]<div class=\"porto-image-frame \"><div class=\"thumb-info\"><a href=\"\/en\/automatic-lubrication-and-spraying-systems\/\" title=\"Automatic Lubrication and Spraying Systems\" target=\"_self\"><span class=\"thumb-info-wrapper\"><img loading=\"lazy\" decoding=\"async\" alt=\"ya\u011flama acil boru\" src=\"\/\/tpm.com.tr\/wp-content\/uploads\/2022\/01\/yaglama-acil-boru.jpg\" class=\"img-responsive\" width=\"395\" height=\"389\"><span class=\"thumb-info-action\"><span class=\"thumb-info-action-icon\"><i class=\"fas fa-link\"><\/i><\/span><\/span><\/span><\/a><\/div><\/div>[\/vc_column_inner][vc_column_inner width=&#8221;1\/4&#8243;][vc_custom_heading text=&#8221;Sealing Elements&#8221; font_container=&#8221;tag:h4|text_align:center|color:%231e73be&#8221; google_fonts=&#8221;font_family:Fira%20Sans%3A300%2C300italic%2C400%2C400italic%2C500%2C500italic%2C700%2C700italic|font_style:700%20bold%20regular%3A700%3Anormal&#8221; link=&#8221;url:https%3A%2F%2Ftpm.com.tr%2Fsizdirmazlik-elemanlari%2F|title:S%C4%B1zd%C4%B1rmazl%C4%B1k%20Elemanlar%C4%B1&#8243;]<div class=\"porto-image-frame \"><div class=\"thumb-info\"><a href=\"\/en\/sealing-elements\/\" title=\"Sealing Elements\" target=\"_self\"><span class=\"thumb-info-wrapper\"><img loading=\"lazy\" decoding=\"async\" alt=\"s\u0131zd\u0131rmazl\u0131k elemanlar\u0131\" src=\"\/\/tpm.com.tr\/wp-content\/uploads\/2022\/01\/sizdirmazlik-elemanlari.jpg\" class=\"img-responsive\" width=\"395\" height=\"389\"><span class=\"thumb-info-action\"><span class=\"thumb-info-action-icon\"><i class=\"fas fa-link\"><\/i><\/span><\/span><\/span><\/a><\/div><\/div>[\/vc_column_inner][vc_column_inner width=&#8221;1\/4&#8243;][vc_custom_heading text=&#8221;Pipe Repair Equipment&#8221; font_container=&#8221;tag:h4|text_align:center|color:%231e73be&#8221; google_fonts=&#8221;font_family:Fira%20Sans%3A300%2C300italic%2C400%2C400italic%2C500%2C500italic%2C700%2C700italic|font_style:700%20bold%20regular%3A700%3Anormal&#8221; link=&#8221;url:https%3A%2F%2Ftpm.com.tr%2Fboru-tamir-ekipmanlari%2F|title:S%C4%B1zd%C4%B1rmazl%C4%B1k%20Elemanlar%C4%B1&#8243;]<div class=\"porto-image-frame \"><div class=\"thumb-info\"><a href=\"\/en\/pipe-repair-equipment\/\" title=\"Pipe Repair Equipment\" target=\"_self\"><span class=\"thumb-info-wrapper\"><img loading=\"lazy\" decoding=\"async\" alt=\"acil boru tamir\" src=\"\/\/tpm.com.tr\/wp-content\/uploads\/2022\/01\/acil-boru-tamir.jpg\" class=\"img-responsive\" width=\"395\" height=\"389\"><span class=\"thumb-info-action\"><span class=\"thumb-info-action-icon\"><i class=\"fas fa-link\"><\/i><\/span><\/span><\/span><\/a><\/div><\/div>[\/vc_column_inner][\/vc_row_inner][\/vc_column][\/vc_row][vc_row wrap_container=&#8221;yes&#8221; is_section=&#8221;yes&#8221; section_skin=&#8221;parallax&#8221; remove_margin_top=&#8221;yes&#8221; remove_margin_bottom=&#8221;yes&#8221; css=&#8221;.vc_custom_1641911380255{background-image: url(https:\/\/tpm.com.tr\/wp-content\/uploads\/2022\/01\/tpm-muhendislik-arka-plan.png?id=3071) !important;}&#8221; el_class=&#8221;bg-pos-bottom&#8221;][vc_column width=&#8221;1\/2&#8243; offset=&#8221;vc_hidden-sm vc_hidden-xs&#8221;][vc_empty_space][vc_single_image image=&#8221;3115&#8243; img_size=&#8221;full&#8221; alignment=&#8221;center&#8221;][\/vc_column][vc_column offset=&#8221;vc_col-md-6&#8243;][vc_custom_heading text=&#8221;As TPM Engineering;&#8221; use_theme_fonts=&#8221;yes&#8221; el_class=&#8221;m-t-lg m-b-none&#8221;][vc_column_text el_class=&#8221;m-b-none&#8221;]We serve a wide range of production facilities from Petrochemical Industry to Textile, from Food Industry to Automotive, from Metal Processing Facilities to Pharmaceutical Industry.[\/vc_column_text][vc_separator color=&#8221;custom&#8221; align=&#8221;align_left&#8221; border_width=&#8221;3&#8243; type=&#8221;small&#8221; accent_color=&#8221;#cfa968&#8243;][\/vc_column][\/vc_row][vc_row wrap_container=&#8221;yes&#8221; is_section=&#8221;yes&#8221; section_skin=&#8221;parallax&#8221; remove_margin_top=&#8221;yes&#8221; remove_margin_bottom=&#8221;yes&#8221; remove_padding_bottom=&#8221;yes&#8221; remove_border=&#8221;yes&#8221;][vc_column][vc_separator color=&#8221;custom&#8221; border_width=&#8221;3&#8243; type=&#8221;small&#8221; accent_color=&#8221;#cfa968&#8243; el_class=&#8221;m-b-lg&#8221;][\/vc_column][\/vc_row]<\/p>\n","protected":false},"excerpt":{"rendered":"<p>[vc_row wrap_container=&#8221;yes&#8221; el_id=&#8221;practice-areas&#8221;][vc_column][vc_empty_space][vc_row_inner][vc_column_inner width=&#8221;1\/4&#8243;][vc_custom_heading text=&#8221;Pumps&#8221; font_container=&#8221;tag:h4|text_align:center|color:%231e73be&#8221; google_fonts=&#8221;font_family:Fira%20Sans%3A300%2C300italic%2C400%2C400italic%2C500%2C500italic%2C700%2C700italic|font_style:700%20bold%20regular%3A700%3Anormal&#8221; link=&#8221;url:https%3A%2F%2Ftpm.com.tr%2Fpompalar%2F|title:S%C4%B1zd%C4%B1rmazl%C4%B1k%20Elemanlar%C4%B1&#8243;][\/vc_column_inner][vc_column_inner width=&#8221;1\/4&#8243;][vc_custom_heading text=&#8221;Lubrication and Spraying Systems&#8221; font_container=&#8221;tag:h4|text_align:center|color:%231e73be&#8221; google_fonts=&#8221;font_family:Fira%20Sans%3A300%2C300italic%2C400%2C400italic%2C500%2C500italic%2C700%2C700italic|font_style:700%20bold%20regular%3A700%3Anormal&#8221; link=&#8221;url:https%3A%2F%2Ftpm.com.tr%2Fotomatik-yaglama-sistemleri%2F|title:S%C4%B1zd%C4%B1rmazl%C4%B1k%20Elemanlar%C4%B1&#8243;][\/vc_column_inner][vc_column_inner width=&#8221;1\/4&#8243;][vc_custom_heading text=&#8221;Sealing Elements&#8221; font_container=&#8221;tag:h4|text_align:center|color:%231e73be&#8221; google_fonts=&#8221;font_family:Fira%20Sans%3A300%2C300italic%2C400%2C400italic%2C500%2C500italic%2C700%2C700italic|font_style:700%20bold%20regular%3A700%3Anormal&#8221; link=&#8221;url:https%3A%2F%2Ftpm.com.tr%2Fsizdirmazlik-elemanlari%2F|title:S%C4%B1zd%C4%B1rmazl%C4%B1k%20Elemanlar%C4%B1&#8243;][\/vc_column_inner][vc_column_inner width=&#8221;1\/4&#8243;][vc_custom_heading text=&#8221;Pipe Repair Equipment&#8221; font_container=&#8221;tag:h4|text_align:center|color:%231e73be&#8221; google_fonts=&#8221;font_family:Fira%20Sans%3A300%2C300italic%2C400%2C400italic%2C500%2C500italic%2C700%2C700italic|font_style:700%20bold%20regular%3A700%3Anormal&#8221; link=&#8221;url:https%3A%2F%2Ftpm.com.tr%2Fboru-tamir-ekipmanlari%2F|title:S%C4%B1zd%C4%B1rmazl%C4%B1k%20Elemanlar%C4%B1&#8243;][\/vc_column_inner][\/vc_row_inner][\/vc_column][\/vc_row][vc_row wrap_container=&#8221;yes&#8221; is_section=&#8221;yes&#8221; section_skin=&#8221;parallax&#8221; remove_margin_top=&#8221;yes&#8221; remove_margin_bottom=&#8221;yes&#8221; css=&#8221;.vc_custom_1641911380255{background-image: url(https:\/\/tpm.com.tr\/wp-content\/uploads\/2022\/01\/tpm-muhendislik-arka-plan.png?id=3071) !important;}&#8221; el_class=&#8221;bg-pos-bottom&#8221;][vc_column width=&#8221;1\/2&#8243; offset=&#8221;vc_hidden-sm vc_hidden-xs&#8221;][vc_empty_space][vc_single_image image=&#8221;3115&#8243; img_size=&#8221;full&#8221; alignment=&#8221;center&#8221;][\/vc_column][vc_column offset=&#8221;vc_col-md-6&#8243;][vc_custom_heading text=&#8221;As TPM Engineering;&#8221; use_theme_fonts=&#8221;yes&#8221; el_class=&#8221;m-t-lg m-b-none&#8221;][vc_column_text el_class=&#8221;m-b-none&#8221;]We serve a wide [&hellip;]<\/p>\n","protected":false},"author":1,"featured_media":0,"parent":0,"menu_order":0,"comment_status":"closed","ping_status":"closed","template":"","meta":{"_daextinma_seo_power":"","_daextinma_enable_ail":"","footnotes":""},"yoast_head":"<!-- This site is optimized with the Yoast SEO plugin v21.6 - https:\/\/yoast.com\/wordpress\/plugins\/seo\/ -->\n<title>TPM Engineering<\/title>\n<meta name=\"robots\" content=\"index, follow, max-snippet:-1, max-image-preview:large, max-video-preview:-1\" \/>\n<link rel=\"canonical\" href=\"https:\/\/tpm.com.tr\/en\/\" \/>\n<meta property=\"og:locale\" content=\"en_US\" \/>\n<meta property=\"og:type\" content=\"article\" \/>\n<meta property=\"og:title\" content=\"TPM Engineering\" \/>\n<meta property=\"og:description\" content=\"[vc_row wrap_container=&#8221;yes&#8221; el_id=&#8221;practice-areas&#8221;][vc_column][vc_empty_space][vc_row_inner][vc_column_inner width=&#8221;1\/4&#8243;][vc_custom_heading text=&#8221;Pumps&#8221; font_container=&#8221;tag:h4|text_align:center|color:%231e73be&#8221; google_fonts=&#8221;font_family:Fira%20Sans%3A300%2C300italic%2C400%2C400italic%2C500%2C500italic%2C700%2C700italic|font_style:700%20bold%20regular%3A700%3Anormal&#8221; link=&#8221;url:https%3A%2F%2Ftpm.com.tr%2Fpompalar%2F|title:S%C4%B1zd%C4%B1rmazl%C4%B1k%20Elemanlar%C4%B1&#8243;][\/vc_column_inner][vc_column_inner width=&#8221;1\/4&#8243;][vc_custom_heading text=&#8221;Lubrication and Spraying Systems&#8221; font_container=&#8221;tag:h4|text_align:center|color:%231e73be&#8221; google_fonts=&#8221;font_family:Fira%20Sans%3A300%2C300italic%2C400%2C400italic%2C500%2C500italic%2C700%2C700italic|font_style:700%20bold%20regular%3A700%3Anormal&#8221; link=&#8221;url:https%3A%2F%2Ftpm.com.tr%2Fotomatik-yaglama-sistemleri%2F|title:S%C4%B1zd%C4%B1rmazl%C4%B1k%20Elemanlar%C4%B1&#8243;][\/vc_column_inner][vc_column_inner width=&#8221;1\/4&#8243;][vc_custom_heading text=&#8221;Sealing Elements&#8221; font_container=&#8221;tag:h4|text_align:center|color:%231e73be&#8221; google_fonts=&#8221;font_family:Fira%20Sans%3A300%2C300italic%2C400%2C400italic%2C500%2C500italic%2C700%2C700italic|font_style:700%20bold%20regular%3A700%3Anormal&#8221; link=&#8221;url:https%3A%2F%2Ftpm.com.tr%2Fsizdirmazlik-elemanlari%2F|title:S%C4%B1zd%C4%B1rmazl%C4%B1k%20Elemanlar%C4%B1&#8243;][\/vc_column_inner][vc_column_inner width=&#8221;1\/4&#8243;][vc_custom_heading text=&#8221;Pipe Repair Equipment&#8221; font_container=&#8221;tag:h4|text_align:center|color:%231e73be&#8221; google_fonts=&#8221;font_family:Fira%20Sans%3A300%2C300italic%2C400%2C400italic%2C500%2C500italic%2C700%2C700italic|font_style:700%20bold%20regular%3A700%3Anormal&#8221; link=&#8221;url:https%3A%2F%2Ftpm.com.tr%2Fboru-tamir-ekipmanlari%2F|title:S%C4%B1zd%C4%B1rmazl%C4%B1k%20Elemanlar%C4%B1&#8243;][\/vc_column_inner][\/vc_row_inner][\/vc_column][\/vc_row][vc_row wrap_container=&#8221;yes&#8221; is_section=&#8221;yes&#8221; section_skin=&#8221;parallax&#8221; remove_margin_top=&#8221;yes&#8221; remove_margin_bottom=&#8221;yes&#8221; css=&#8221;.vc_custom_1641911380255{background-image: url(https:\/\/tpm.com.tr\/wp-content\/uploads\/2022\/01\/tpm-muhendislik-arka-plan.png?id=3071) !important;}&#8221; el_class=&#8221;bg-pos-bottom&#8221;][vc_column width=&#8221;1\/2&#8243; offset=&#8221;vc_hidden-sm vc_hidden-xs&#8221;][vc_empty_space][vc_single_image image=&#8221;3115&#8243; img_size=&#8221;full&#8221; alignment=&#8221;center&#8221;][\/vc_column][vc_column offset=&#8221;vc_col-md-6&#8243;][vc_custom_heading text=&#8221;As TPM Engineering;&#8221; use_theme_fonts=&#8221;yes&#8221; el_class=&#8221;m-t-lg m-b-none&#8221;][vc_column_text el_class=&#8221;m-b-none&#8221;]We serve a wide [&hellip;]\" \/>\n<meta property=\"og:url\" content=\"https:\/\/tpm.com.tr\/en\/\" \/>\n<meta property=\"og:site_name\" content=\"TPM M\u00fchendislik\" \/>\n<meta property=\"article:modified_time\" content=\"2022-11-04T13:59:01+00:00\" \/>\n<meta name=\"twitter:card\" content=\"summary_large_image\" \/>\n<meta name=\"twitter:label1\" content=\"Est. reading time\" \/>\n\t<meta name=\"twitter:data1\" content=\"1 minute\" \/>\n<script type=\"application\/ld+json\" class=\"yoast-schema-graph\">{\"@context\":\"https:\/\/schema.org\",\"@graph\":[{\"@type\":\"WebPage\",\"@id\":\"https:\/\/tpm.com.tr\/en\/\",\"url\":\"https:\/\/tpm.com.tr\/en\/\",\"name\":\"TPM Engineering\",\"isPartOf\":{\"@id\":\"https:\/\/tpm.com.tr\/#website\"},\"datePublished\":\"2022-10-25T20:16:36+00:00\",\"dateModified\":\"2022-11-04T13:59:01+00:00\",\"breadcrumb\":{\"@id\":\"https:\/\/tpm.com.tr\/en\/#breadcrumb\"},\"inLanguage\":\"en-US\",\"potentialAction\":[{\"@type\":\"ReadAction\",\"target\":[\"https:\/\/tpm.com.tr\/en\/\"]}]},{\"@type\":\"BreadcrumbList\",\"@id\":\"https:\/\/tpm.com.tr\/en\/#breadcrumb\",\"itemListElement\":[{\"@type\":\"ListItem\",\"position\":1,\"name\":\"Anasayfa\",\"item\":\"https:\/\/tpm.com.tr\/en\/\"},{\"@type\":\"ListItem\",\"position\":2,\"name\":\"Home\"}]},{\"@type\":\"WebSite\",\"@id\":\"https:\/\/tpm.com.tr\/#website\",\"url\":\"https:\/\/tpm.com.tr\/\",\"name\":\"TPM M\u00fchendislik\",\"description\":\"\",\"potentialAction\":[{\"@type\":\"SearchAction\",\"target\":{\"@type\":\"EntryPoint\",\"urlTemplate\":\"https:\/\/tpm.com.tr\/?s={search_term_string}\"},\"query-input\":\"required name=search_term_string\"}],\"inLanguage\":\"en-US\"}]}<\/script>\n<!-- \/ Yoast SEO plugin. -->","yoast_head_json":{"title":"TPM Engineering","robots":{"index":"index","follow":"follow","max-snippet":"max-snippet:-1","max-image-preview":"max-image-preview:large","max-video-preview":"max-video-preview:-1"},"canonical":"https:\/\/tpm.com.tr\/en\/","og_locale":"en_US","og_type":"article","og_title":"TPM Engineering","og_description":"[vc_row wrap_container=&#8221;yes&#8221; el_id=&#8221;practice-areas&#8221;][vc_column][vc_empty_space][vc_row_inner][vc_column_inner width=&#8221;1\/4&#8243;][vc_custom_heading text=&#8221;Pumps&#8221; font_container=&#8221;tag:h4|text_align:center|color:%231e73be&#8221; google_fonts=&#8221;font_family:Fira%20Sans%3A300%2C300italic%2C400%2C400italic%2C500%2C500italic%2C700%2C700italic|font_style:700%20bold%20regular%3A700%3Anormal&#8221; link=&#8221;url:https%3A%2F%2Ftpm.com.tr%2Fpompalar%2F|title:S%C4%B1zd%C4%B1rmazl%C4%B1k%20Elemanlar%C4%B1&#8243;][\/vc_column_inner][vc_column_inner width=&#8221;1\/4&#8243;][vc_custom_heading text=&#8221;Lubrication and Spraying Systems&#8221; font_container=&#8221;tag:h4|text_align:center|color:%231e73be&#8221; google_fonts=&#8221;font_family:Fira%20Sans%3A300%2C300italic%2C400%2C400italic%2C500%2C500italic%2C700%2C700italic|font_style:700%20bold%20regular%3A700%3Anormal&#8221; link=&#8221;url:https%3A%2F%2Ftpm.com.tr%2Fotomatik-yaglama-sistemleri%2F|title:S%C4%B1zd%C4%B1rmazl%C4%B1k%20Elemanlar%C4%B1&#8243;][\/vc_column_inner][vc_column_inner width=&#8221;1\/4&#8243;][vc_custom_heading text=&#8221;Sealing Elements&#8221; font_container=&#8221;tag:h4|text_align:center|color:%231e73be&#8221; google_fonts=&#8221;font_family:Fira%20Sans%3A300%2C300italic%2C400%2C400italic%2C500%2C500italic%2C700%2C700italic|font_style:700%20bold%20regular%3A700%3Anormal&#8221; link=&#8221;url:https%3A%2F%2Ftpm.com.tr%2Fsizdirmazlik-elemanlari%2F|title:S%C4%B1zd%C4%B1rmazl%C4%B1k%20Elemanlar%C4%B1&#8243;][\/vc_column_inner][vc_column_inner width=&#8221;1\/4&#8243;][vc_custom_heading text=&#8221;Pipe Repair Equipment&#8221; font_container=&#8221;tag:h4|text_align:center|color:%231e73be&#8221; google_fonts=&#8221;font_family:Fira%20Sans%3A300%2C300italic%2C400%2C400italic%2C500%2C500italic%2C700%2C700italic|font_style:700%20bold%20regular%3A700%3Anormal&#8221; link=&#8221;url:https%3A%2F%2Ftpm.com.tr%2Fboru-tamir-ekipmanlari%2F|title:S%C4%B1zd%C4%B1rmazl%C4%B1k%20Elemanlar%C4%B1&#8243;][\/vc_column_inner][\/vc_row_inner][\/vc_column][\/vc_row][vc_row wrap_container=&#8221;yes&#8221; is_section=&#8221;yes&#8221; section_skin=&#8221;parallax&#8221; remove_margin_top=&#8221;yes&#8221; remove_margin_bottom=&#8221;yes&#8221; css=&#8221;.vc_custom_1641911380255{background-image: url(https:\/\/tpm.com.tr\/wp-content\/uploads\/2022\/01\/tpm-muhendislik-arka-plan.png?id=3071) !important;}&#8221; el_class=&#8221;bg-pos-bottom&#8221;][vc_column width=&#8221;1\/2&#8243; offset=&#8221;vc_hidden-sm vc_hidden-xs&#8221;][vc_empty_space][vc_single_image image=&#8221;3115&#8243; img_size=&#8221;full&#8221; alignment=&#8221;center&#8221;][\/vc_column][vc_column offset=&#8221;vc_col-md-6&#8243;][vc_custom_heading text=&#8221;As TPM Engineering;&#8221; use_theme_fonts=&#8221;yes&#8221; el_class=&#8221;m-t-lg m-b-none&#8221;][vc_column_text el_class=&#8221;m-b-none&#8221;]We serve a wide [&hellip;]","og_url":"https:\/\/tpm.com.tr\/en\/","og_site_name":"TPM M\u00fchendislik","article_modified_time":"2022-11-04T13:59:01+00:00","twitter_card":"summary_large_image","twitter_misc":{"Est. reading time":"1 minute"},"schema":{"@context":"https:\/\/schema.org","@graph":[{"@type":"WebPage","@id":"https:\/\/tpm.com.tr\/en\/","url":"https:\/\/tpm.com.tr\/en\/","name":"TPM Engineering","isPartOf":{"@id":"https:\/\/tpm.com.tr\/#website"},"datePublished":"2022-10-25T20:16:36+00:00","dateModified":"2022-11-04T13:59:01+00:00","breadcrumb":{"@id":"https:\/\/tpm.com.tr\/en\/#breadcrumb"},"inLanguage":"en-US","potentialAction":[{"@type":"ReadAction","target":["https:\/\/tpm.com.tr\/en\/"]}]},{"@type":"BreadcrumbList","@id":"https:\/\/tpm.com.tr\/en\/#breadcrumb","itemListElement":[{"@type":"ListItem","position":1,"name":"Anasayfa","item":"https:\/\/tpm.com.tr\/en\/"},{"@type":"ListItem","position":2,"name":"Home"}]},{"@type":"WebSite","@id":"https:\/\/tpm.com.tr\/#website","url":"https:\/\/tpm.com.tr\/","name":"TPM M\u00fchendislik","description":"","potentialAction":[{"@type":"SearchAction","target":{"@type":"EntryPoint","urlTemplate":"https:\/\/tpm.com.tr\/?s={search_term_string}"},"query-input":"required name=search_term_string"}],"inLanguage":"en-US"}]}},"_links":{"self":[{"href":"https:\/\/tpm.com.tr\/en\/wp-json\/wp\/v2\/pages\/4844\/"}],"collection":[{"href":"https:\/\/tpm.com.tr\/en\/wp-json\/wp\/v2\/pages\/"}],"about":[{"href":"https:\/\/tpm.com.tr\/en\/wp-json\/wp\/v2\/types\/page\/"}],"author":[{"embeddable":true,"href":"https:\/\/tpm.com.tr\/en\/wp-json\/wp\/v2\/users\/1\/"}],"replies":[{"embeddable":true,"href":"https:\/\/tpm.com.tr\/en\/wp-json\/wp\/v2\/comments\/?post=4844"}],"version-history":[{"count":6,"href":"https:\/\/tpm.com.tr\/en\/wp-json\/wp\/v2\/pages\/4844\/revisions\/"}],"predecessor-version":[{"id":5465,"href":"https:\/\/tpm.com.tr\/en\/wp-json\/wp\/v2\/pages\/4844\/revisions\/5465\/"}],"wp:attachment":[{"href":"https:\/\/tpm.com.tr\/en\/wp-json\/wp\/v2\/media\/?parent=4844"}],"curies":[{"name":"wp","href":"https:\/\/api.w.org\/{rel}","templated":true}]}}