{"id":4968,"date":"2022-10-27T11:37:53","date_gmt":"2022-10-27T11:37:53","guid":{"rendered":"https:\/\/tpm.com.tr\/?page_id=4968"},"modified":"2022-12-07T10:48:54","modified_gmt":"2022-12-07T10:48:54","slug":"contact","status":"publish","type":"page","link":"https:\/\/tpm.com.tr\/en\/contact\/","title":{"rendered":"Contact"},"content":{"rendered":"<p>[vc_row wrap_container=&#8221;yes&#8221;][vc_column width=&#8221;7\/12&#8243;][vc_custom_heading text=&#8221;Our Contact Information&#8221; font_container=&#8221;tag:h1|font_size:36|text_align:left&#8221; use_theme_fonts=&#8221;yes&#8221; el_class=&#8221;m-b-md&#8221;][vc_separator color=&#8221;custom&#8221; align=&#8221;align_left&#8221; border_width=&#8221;3&#8243; type=&#8221;small&#8221; accent_color=&#8221;#cfa968&#8243;][vc_column_text el_class=&#8221;lead m-b-lg&#8221;]You can write to us for information about our products or for other questions.[\/vc_column_text]\n<div class=\"wpcf7 no-js\" id=\"wpcf7-f5337-o1\" lang=\"tr-TR\" dir=\"ltr\">\n<div class=\"screen-reader-response\"><p role=\"status\" aria-live=\"polite\" aria-atomic=\"true\"><\/p> <ul><\/ul><\/div>\n<form action=\"\/en\/wp-json\/wp\/v2\/pages\/4968\/#wpcf7-f5337-o1\" method=\"post\" class=\"wpcf7-form init\" aria-label=\"Contact form\" novalidate=\"novalidate\" data-status=\"init\">\n<div style=\"display: none;\">\n<input type=\"hidden\" name=\"_wpcf7\" value=\"5337\" \/>\n<input type=\"hidden\" name=\"_wpcf7_version\" value=\"5.8.4\" \/>\n<input type=\"hidden\" name=\"_wpcf7_locale\" value=\"tr_TR\" \/>\n<input type=\"hidden\" name=\"_wpcf7_unit_tag\" value=\"wpcf7-f5337-o1\" \/>\n<input type=\"hidden\" name=\"_wpcf7_container_post\" value=\"0\" \/>\n<input type=\"hidden\" name=\"_wpcf7_posted_data_hash\" value=\"\" \/>\n<\/div>\n<p><label> Name<br \/>\n<span class=\"wpcf7-form-control-wrap\" data-name=\"your-name\"><input size=\"40\" class=\"wpcf7-form-control wpcf7-text wpcf7-validates-as-required\" aria-required=\"true\" aria-invalid=\"false\" value=\"\" type=\"text\" name=\"your-name\" \/><\/span> <\/label>\n<\/p>\n<p><label> Telephone<br \/>\n<span class=\"wpcf7-form-control-wrap\" data-name=\"your-phone\"><input size=\"40\" class=\"wpcf7-form-control wpcf7-text wpcf7-validates-as-required\" aria-required=\"true\" aria-invalid=\"false\" value=\"\" type=\"text\" name=\"your-phone\" \/><\/span> <\/label><br \/>\n<label> Company Name<br \/>\n<span class=\"wpcf7-form-control-wrap\" data-name=\"your-company\"><input size=\"40\" class=\"wpcf7-form-control wpcf7-text wpcf7-validates-as-required\" aria-required=\"true\" aria-invalid=\"false\" value=\"\" type=\"text\" name=\"your-company\" \/><\/span> <\/label>\n<\/p>\n<p><label> E-Mail<br \/>\n<span class=\"wpcf7-form-control-wrap\" data-name=\"your-email\"><input size=\"40\" class=\"wpcf7-form-control wpcf7-email wpcf7-validates-as-required wpcf7-text wpcf7-validates-as-email\" aria-required=\"true\" aria-invalid=\"false\" value=\"\" type=\"email\" name=\"your-email\" \/><\/span> <\/label>\n<\/p>\n<p><label> Subject<br \/>\n<span class=\"wpcf7-form-control-wrap\" data-name=\"your-subject\"><input size=\"40\" class=\"wpcf7-form-control wpcf7-text wpcf7-validates-as-required\" aria-required=\"true\" aria-invalid=\"false\" value=\"\" type=\"text\" name=\"your-subject\" \/><\/span> <\/label>\n<\/p>\n<p><label> Your Message (optional)<br \/>\n<span class=\"wpcf7-form-control-wrap\" data-name=\"your-message\"><textarea cols=\"40\" rows=\"10\" class=\"wpcf7-form-control wpcf7-textarea\" aria-invalid=\"false\" name=\"your-message\"><\/textarea><\/span> <\/label>\n<\/p>\n<p><input class=\"wpcf7-form-control wpcf7-submit has-spinner\" type=\"submit\" value=\"Send\" \/>\n<\/p><p style=\"display: none !important;\" class=\"akismet-fields-container\" data-prefix=\"_wpcf7_ak_\"><label>&#916;<textarea name=\"_wpcf7_ak_hp_textarea\" cols=\"45\" rows=\"8\" maxlength=\"100\"><\/textarea><\/label><input type=\"hidden\" id=\"ak_js_1\" name=\"_wpcf7_ak_js\" value=\"70\"\/><script>document.getElementById( \"ak_js_1\" ).setAttribute( \"value\", ( new Date() ).getTime() );<\/script><\/p><div class=\"wpcf7-response-output\" aria-hidden=\"true\"><\/div>\n<\/form>\n<\/div>\n[vc_empty_space][\/vc_column][vc_column width=&#8221;1\/12&#8243;][\/vc_column][vc_column width=&#8221;1\/3&#8243;][vc_custom_heading text=&#8221;our office&#8221; font_container=&#8221;tag:h4|text_align:left&#8221; use_theme_fonts=&#8221;yes&#8221;][vc_separator color=&#8221;custom&#8221; align=&#8221;align_left&#8221; border_width=&#8221;3&#8243; type=&#8221;small&#8221; accent_color=&#8221;#cfa968&#8243; el_class=&#8221;m-b-lg&#8221;]<div class=\"porto-sicon-box  wpb_custom_1efe903570d178ff0a9b7bfa5febd3a4 style_1 default-icon\"><div class=\"porto-sicon-default\"><div class=\"porto-just-icon-wrapper porto-icon circle\" style=\"color:#ffffff;background:#1e73be;font-size:14px;\"><i class=\"fas fa-map-marker-alt\"><\/i><\/div><\/div><div class=\"porto-sicon-header\"><h3 class=\"porto-sicon-title\" style=\"font-size:14px;color:#777777;\">Girne Mah. Irmak Sok. K\u00fc\u00e7\u00fckyal\u0131 \u0130\u015f Merkezi C Blok No:6 K\u00fc\u00e7\u00fckyal\u0131 \/ Maltepe, 34852 Istanbul, TR.<\/h3><\/div> <!-- header --><\/div><!-- porto-sicon-box --><div class=\"porto-sicon-box  wpb_custom_1efe903570d178ff0a9b7bfa5febd3a4 style_1 default-icon\"><div class=\"porto-sicon-default\"><div class=\"porto-just-icon-wrapper porto-icon circle\" style=\"color:#ffffff;background:#1e73be;font-size:14px;\"><i class=\"fas fa-phone-volume\"><\/i><\/div><\/div><div class=\"porto-sicon-header\"><h3 class=\"porto-sicon-title\" style=\"font-size:14px;color:#777777;\">+90 216 549 26 27<\/h3><\/div> <!-- header --><\/div><!-- porto-sicon-box --><div class=\"porto-sicon-box  wpb_custom_1efe903570d178ff0a9b7bfa5febd3a4 style_1 default-icon\"><div class=\"porto-sicon-default\"><div class=\"porto-just-icon-wrapper porto-icon circle\" style=\"color:#ffffff;background:#1e73be;font-size:14px;\"><i class=\"fas fa-fax\"><\/i><\/div><\/div><div class=\"porto-sicon-header\"><h3 class=\"porto-sicon-title\" style=\"font-size:14px;color:#777777;\">+90 216 549 26 17<\/h3><\/div> <!-- header --><\/div><!-- porto-sicon-box --><div class=\"porto-sicon-box  wpb_custom_1efe903570d178ff0a9b7bfa5febd3a4 style_1 default-icon\"><div class=\"porto-sicon-default\"><div class=\"porto-just-icon-wrapper porto-icon circle\" style=\"color:#ffffff;background:#1e73be;font-size:14px;\"><i class=\"fab fa-whatsapp\"><\/i><\/div><\/div><div class=\"porto-sicon-header\"><h3 class=\"porto-sicon-title\" style=\"font-size:14px;color:#777777;\">+90 533 278 16 40 (Also Used as Whatsapp)<\/h3><\/div> <!-- header --><\/div><!-- porto-sicon-box --><div class=\"porto-sicon-box  wpb_custom_1efe903570d178ff0a9b7bfa5febd3a4 style_1 default-icon\"><div class=\"porto-sicon-default\"><div class=\"porto-just-icon-wrapper porto-icon circle\" style=\"color:#ffffff;background:#1e73be;font-size:14px;\"><i class=\"fab fa-whatsapp\"><\/i><\/div><\/div><div class=\"porto-sicon-header\"><a class=\"porto-sicon-box-link\" href=\"tel:+905332781640\" target='_blank'><h3 class=\"porto-sicon-title\" style=\"font-size:14px;color:#777777;\">For pump demands; +90 533 278 16 40 (Also Used as Whatsapp)<\/h3><\/a><\/div> <!-- header --><\/div><!-- porto-sicon-box --><div class=\"porto-sicon-box  wpb_custom_1efe903570d178ff0a9b7bfa5febd3a4 style_1 default-icon\"><div class=\"porto-sicon-default\"><div class=\"porto-just-icon-wrapper porto-icon circle\" style=\"color:#ffffff;background:#1e73be;font-size:14px;\"><i class=\"fab fa-whatsapp\"><\/i><\/div><\/div><div class=\"porto-sicon-header\"><a class=\"porto-sicon-box-link\" href=\"tel:+905352497216\" target='_blank'><h3 class=\"porto-sicon-title\" style=\"font-size:14px;color:#777777;\">For Lubrication Systems demands; +90 535 249 72 16 (Also Used as Whatsapp)<\/h3><\/a><\/div> <!-- header --><\/div><!-- porto-sicon-box --><div class=\"porto-sicon-box  wpb_custom_1efe903570d178ff0a9b7bfa5febd3a4 style_1 default-icon\"><div class=\"porto-sicon-default\"><div class=\"porto-just-icon-wrapper porto-icon circle\" style=\"color:#ffffff;background:#1e73be;font-size:14px;\"><i class=\"fab fa-whatsapp\"><\/i><\/div><\/div><div class=\"porto-sicon-header\"><a class=\"porto-sicon-box-link\" href=\"tel:+905330434485\" target='_blank'><h3 class=\"porto-sicon-title\" style=\"font-size:14px;color:#777777;\">For requests for Sealing Elements; +90 533 043 44 85 (Also Used as Whatsapp)<\/h3><\/a><\/div> <!-- header --><\/div><!-- porto-sicon-box --><div class=\"porto-sicon-box  wpb_custom_1efe903570d178ff0a9b7bfa5febd3a4 style_1 default-icon\"><div class=\"porto-sicon-default\"><div class=\"porto-just-icon-wrapper porto-icon circle\" style=\"color:#ffffff;background:#1e73be;font-size:14px;\"><i class=\"far fa-envelope\"><\/i><\/div><\/div><div class=\"porto-sicon-header\"><h3 class=\"porto-sicon-title\" style=\"font-size:14px;color:#777777;\">tpm@tpm.com.tr<\/h3><\/div> <!-- header --><\/div><!-- porto-sicon-box -->[vc_custom_heading text=&#8221;Our Working Hours&#8221; font_container=&#8221;tag:h4|text_align:left&#8221; use_theme_fonts=&#8221;yes&#8221; el_class=&#8221;m-t-xlg&#8221;][vc_separator color=&#8221;custom&#8221; align=&#8221;align_left&#8221; border_width=&#8221;3&#8243; type=&#8221;small&#8221; accent_color=&#8221;#cfa968&#8243; el_class=&#8221;m-b-lg&#8221;]<div class=\"porto-sicon-box  wpb_custom_1efe903570d178ff0a9b7bfa5febd3a4 style_1 default-icon\"><div class=\"porto-sicon-default\"><div class=\"porto-just-icon-wrapper porto-icon none\" style=\"font-size:14px;\"><i class=\"far fa-clock\"><\/i><\/div><\/div><div class=\"porto-sicon-header\"><h3 class=\"porto-sicon-title\" style=\"font-size:14px;color:#777777;\">Monday - Friday: 09:00 - 18:00<\/h3><\/div> <!-- header --><\/div><!-- porto-sicon-box --><div class=\"porto-sicon-box  wpb_custom_1efe903570d178ff0a9b7bfa5febd3a4 style_1 default-icon\"><div class=\"porto-sicon-default\"><div class=\"porto-just-icon-wrapper porto-icon none\" style=\"font-size:14px;\"><i class=\"far fa-clock\"><\/i><\/div><\/div><div class=\"porto-sicon-header\"><h3 class=\"porto-sicon-title\" style=\"font-size:14px;color:#777777;\">Cumartesi - Pazar: Kapal\u0131<\/h3><\/div> <!-- header --><\/div><!-- porto-sicon-box -->[\/vc_column][vc_column][\/vc_column][\/vc_row][vc_row full_width=&#8221;stretch_row_content_no_spaces&#8221; el_class=&#8221;m-b-n-xlg&#8221;][vc_column][vc_raw_html]JTNDaWZyYW1lJTIwc3JjJTNEJTIyaHR0cHMlM0ElMkYlMkZ3d3cuZ29vZ2xlLmNvbSUyRm1hcHMlMkZlbWJlZCUzRnBiJTNEJTIxMW0xNCUyMTFtOCUyMTFtMyUyMTFkMTUwNi44OTU0NDM1NTM0OTQlMjEyZDI5LjEzMzA4Mjk5OTk5OTk5NiUyMTNkNDAuOTQyMjUlMjEzbTIlMjExaTEwMjQlMjEyaTc2OCUyMTRmMTMuMSUyMTNtMyUyMTFtMiUyMTFzMHgwJTI1M0EweDhkYjE1MzE2ZjI2ODgzYyUyMTJzVFBNJTI1MjBNJTI1QzMlMjVCQ2hlbmRpc2xpayUyMTVlMCUyMTNtMiUyMTFzdHIlMjEyc3RyJTIxNHYxNjE0ODQ1MTY1MTk1JTIxNW0yJTIxMXN0ciUyMTJzdHIlMjIlMjB3aWR0aCUzRCUyMjEwMCUyNSUyMiUyMGhlaWdodCUzRCUyMjQ1MCUyMiUyMHN0eWxlJTNEJTIyYm9yZGVyJTNBMCUzQiUyMiUyMGFsbG93ZnVsbHNjcmVlbiUzRCUyMiUyMiUyMGxvYWRpbmclM0QlMjJsYXp5JTIyJTNFJTNDJTJGaWZyYW1lJTNF[\/vc_raw_html][vc_empty_space height=&#8221;50px&#8221;][\/vc_column][\/vc_row]<\/p>\n","protected":false},"excerpt":{"rendered":"<p>[vc_row wrap_container=&#8221;yes&#8221;][vc_column width=&#8221;7\/12&#8243;][vc_custom_heading text=&#8221;Our Contact Information&#8221; font_container=&#8221;tag:h1|font_size:36|text_align:left&#8221; use_theme_fonts=&#8221;yes&#8221; el_class=&#8221;m-b-md&#8221;][vc_separator color=&#8221;custom&#8221; align=&#8221;align_left&#8221; border_width=&#8221;3&#8243; type=&#8221;small&#8221; accent_color=&#8221;#cfa968&#8243;][vc_column_text el_class=&#8221;lead m-b-lg&#8221;]You can write to us for information about our products or for other questions.[\/vc_column_text][vc_empty_space][\/vc_column][vc_column width=&#8221;1\/12&#8243;][\/vc_column][vc_column width=&#8221;1\/3&#8243;][vc_custom_heading text=&#8221;our office&#8221; font_container=&#8221;tag:h4|text_align:left&#8221; use_theme_fonts=&#8221;yes&#8221;][vc_separator color=&#8221;custom&#8221; align=&#8221;align_left&#8221; border_width=&#8221;3&#8243; type=&#8221;small&#8221; accent_color=&#8221;#cfa968&#8243; el_class=&#8221;m-b-lg&#8221;][vc_custom_heading text=&#8221;Our Working Hours&#8221; font_container=&#8221;tag:h4|text_align:left&#8221; use_theme_fonts=&#8221;yes&#8221; el_class=&#8221;m-t-xlg&#8221;][vc_separator color=&#8221;custom&#8221; align=&#8221;align_left&#8221; border_width=&#8221;3&#8243; type=&#8221;small&#8221; accent_color=&#8221;#cfa968&#8243; el_class=&#8221;m-b-lg&#8221;][\/vc_column][vc_column][\/vc_column][\/vc_row][vc_row full_width=&#8221;stretch_row_content_no_spaces&#8221; el_class=&#8221;m-b-n-xlg&#8221;][vc_column][vc_raw_html]JTNDaWZyYW1lJTIwc3JjJTNEJTIyaHR0cHMlM0ElMkYlMkZ3d3cuZ29vZ2xlLmNvbSUyRm1hcHMlMkZlbWJlZCUzRnBiJTNEJTIxMW0xNCUyMTFtOCUyMTFtMyUyMTFkMTUwNi44OTU0NDM1NTM0OTQlMjEyZDI5LjEzMzA4Mjk5OTk5OTk5NiUyMTNkNDAuOTQyMjUlMjEzbTIlMjExaTEwMjQlMjEyaTc2OCUyMTRmMTMuMSUyMTNtMyUyMTFtMiUyMTFzMHgwJTI1M0EweDhkYjE1MzE2ZjI2ODgzYyUyMTJzVFBNJTI1MjBNJTI1QzMlMjVCQ2hlbmRpc2xpayUyMTVlMCUyMTNtMiUyMTFzdHIlMjEyc3RyJTIxNHYxNjE0ODQ1MTY1MTk1JTIxNW0yJTIxMXN0ciUyMTJzdHIlMjIlMjB3aWR0aCUzRCUyMjEwMCUyNSUyMiUyMGhlaWdodCUzRCUyMjQ1MCUyMiUyMHN0eWxlJTNEJTIyYm9yZGVyJTNBMCUzQiUyMiUyMGFsbG93ZnVsbHNjcmVlbiUzRCUyMiUyMiUyMGxvYWRpbmclM0QlMjJsYXp5JTIyJTNFJTNDJTJGaWZyYW1lJTNF[\/vc_raw_html][vc_empty_space [&hellip;]<\/p>\n","protected":false},"author":1,"featured_media":0,"parent":0,"menu_order":0,"comment_status":"closed","ping_status":"open","template":"","meta":{"_daextinma_seo_power":"","_daextinma_enable_ail":"","footnotes":""},"yoast_head":"<!-- This site is optimized with the Yoast SEO plugin v21.6 - https:\/\/yoast.com\/wordpress\/plugins\/seo\/ -->\n<title>Contact - TPM Engineering<\/title>\n<meta name=\"robots\" content=\"index, follow, max-snippet:-1, max-image-preview:large, max-video-preview:-1\" \/>\n<link rel=\"canonical\" href=\"https:\/\/tpm.com.tr\/en\/contact\/\" \/>\n<meta property=\"og:locale\" content=\"en_US\" \/>\n<meta property=\"og:type\" content=\"article\" \/>\n<meta property=\"og:title\" content=\"Contact - TPM Engineering\" \/>\n<meta property=\"og:description\" content=\"[vc_row wrap_container=&#8221;yes&#8221;][vc_column width=&#8221;7\/12&#8243;][vc_custom_heading text=&#8221;Our Contact Information&#8221; font_container=&#8221;tag:h1|font_size:36|text_align:left&#8221; use_theme_fonts=&#8221;yes&#8221; el_class=&#8221;m-b-md&#8221;][vc_separator color=&#8221;custom&#8221; align=&#8221;align_left&#8221; border_width=&#8221;3&#8243; type=&#8221;small&#8221; accent_color=&#8221;#cfa968&#8243;][vc_column_text el_class=&#8221;lead m-b-lg&#8221;]You can write to us for information about our products or for other questions.[\/vc_column_text][vc_empty_space][\/vc_column][vc_column width=&#8221;1\/12&#8243;][\/vc_column][vc_column width=&#8221;1\/3&#8243;][vc_custom_heading text=&#8221;our office&#8221; font_container=&#8221;tag:h4|text_align:left&#8221; use_theme_fonts=&#8221;yes&#8221;][vc_separator color=&#8221;custom&#8221; align=&#8221;align_left&#8221; border_width=&#8221;3&#8243; type=&#8221;small&#8221; accent_color=&#8221;#cfa968&#8243; el_class=&#8221;m-b-lg&#8221;][vc_custom_heading text=&#8221;Our Working Hours&#8221; font_container=&#8221;tag:h4|text_align:left&#8221; use_theme_fonts=&#8221;yes&#8221; el_class=&#8221;m-t-xlg&#8221;][vc_separator color=&#8221;custom&#8221; align=&#8221;align_left&#8221; border_width=&#8221;3&#8243; type=&#8221;small&#8221; accent_color=&#8221;#cfa968&#8243; el_class=&#8221;m-b-lg&#8221;][\/vc_column][vc_column][\/vc_column][\/vc_row][vc_row full_width=&#8221;stretch_row_content_no_spaces&#8221; el_class=&#8221;m-b-n-xlg&#8221;][vc_column][vc_raw_html]JTNDaWZyYW1lJTIwc3JjJTNEJTIyaHR0cHMlM0ElMkYlMkZ3d3cuZ29vZ2xlLmNvbSUyRm1hcHMlMkZlbWJlZCUzRnBiJTNEJTIxMW0xNCUyMTFtOCUyMTFtMyUyMTFkMTUwNi44OTU0NDM1NTM0OTQlMjEyZDI5LjEzMzA4Mjk5OTk5OTk5NiUyMTNkNDAuOTQyMjUlMjEzbTIlMjExaTEwMjQlMjEyaTc2OCUyMTRmMTMuMSUyMTNtMyUyMTFtMiUyMTFzMHgwJTI1M0EweDhkYjE1MzE2ZjI2ODgzYyUyMTJzVFBNJTI1MjBNJTI1QzMlMjVCQ2hlbmRpc2xpayUyMTVlMCUyMTNtMiUyMTFzdHIlMjEyc3RyJTIxNHYxNjE0ODQ1MTY1MTk1JTIxNW0yJTIxMXN0ciUyMTJzdHIlMjIlMjB3aWR0aCUzRCUyMjEwMCUyNSUyMiUyMGhlaWdodCUzRCUyMjQ1MCUyMiUyMHN0eWxlJTNEJTIyYm9yZGVyJTNBMCUzQiUyMiUyMGFsbG93ZnVsbHNjcmVlbiUzRCUyMiUyMiUyMGxvYWRpbmclM0QlMjJsYXp5JTIyJTNFJTNDJTJGaWZyYW1lJTNF[\/vc_raw_html][vc_empty_space [&hellip;]\" \/>\n<meta property=\"og:url\" content=\"https:\/\/tpm.com.tr\/en\/contact\/\" \/>\n<meta property=\"og:site_name\" content=\"TPM M\u00fchendislik\" \/>\n<meta property=\"article:modified_time\" content=\"2022-12-07T10:48:54+00:00\" \/>\n<meta name=\"twitter:card\" content=\"summary_large_image\" \/>\n<meta name=\"twitter:label1\" content=\"Est. reading time\" \/>\n\t<meta name=\"twitter:data1\" content=\"2 minutes\" \/>\n<script type=\"application\/ld+json\" class=\"yoast-schema-graph\">{\"@context\":\"https:\/\/schema.org\",\"@graph\":[{\"@type\":\"WebPage\",\"@id\":\"https:\/\/tpm.com.tr\/en\/contact\/\",\"url\":\"https:\/\/tpm.com.tr\/en\/contact\/\",\"name\":\"Contact - TPM Engineering\",\"isPartOf\":{\"@id\":\"https:\/\/tpm.com.tr\/#website\"},\"datePublished\":\"2022-10-27T11:37:53+00:00\",\"dateModified\":\"2022-12-07T10:48:54+00:00\",\"breadcrumb\":{\"@id\":\"https:\/\/tpm.com.tr\/en\/contact\/#breadcrumb\"},\"inLanguage\":\"en-US\",\"potentialAction\":[{\"@type\":\"ReadAction\",\"target\":[\"https:\/\/tpm.com.tr\/en\/contact\/\"]}]},{\"@type\":\"BreadcrumbList\",\"@id\":\"https:\/\/tpm.com.tr\/en\/contact\/#breadcrumb\",\"itemListElement\":[{\"@type\":\"ListItem\",\"position\":1,\"name\":\"Anasayfa\",\"item\":\"https:\/\/tpm.com.tr\/en\/\"},{\"@type\":\"ListItem\",\"position\":2,\"name\":\"Contact\"}]},{\"@type\":\"WebSite\",\"@id\":\"https:\/\/tpm.com.tr\/#website\",\"url\":\"https:\/\/tpm.com.tr\/\",\"name\":\"TPM M\u00fchendislik\",\"description\":\"\",\"potentialAction\":[{\"@type\":\"SearchAction\",\"target\":{\"@type\":\"EntryPoint\",\"urlTemplate\":\"https:\/\/tpm.com.tr\/?s={search_term_string}\"},\"query-input\":\"required name=search_term_string\"}],\"inLanguage\":\"en-US\"}]}<\/script>\n<!-- \/ Yoast SEO plugin. -->","yoast_head_json":{"title":"Contact - TPM Engineering","robots":{"index":"index","follow":"follow","max-snippet":"max-snippet:-1","max-image-preview":"max-image-preview:large","max-video-preview":"max-video-preview:-1"},"canonical":"https:\/\/tpm.com.tr\/en\/contact\/","og_locale":"en_US","og_type":"article","og_title":"Contact - TPM Engineering","og_description":"[vc_row wrap_container=&#8221;yes&#8221;][vc_column width=&#8221;7\/12&#8243;][vc_custom_heading text=&#8221;Our Contact Information&#8221; font_container=&#8221;tag:h1|font_size:36|text_align:left&#8221; use_theme_fonts=&#8221;yes&#8221; el_class=&#8221;m-b-md&#8221;][vc_separator color=&#8221;custom&#8221; align=&#8221;align_left&#8221; border_width=&#8221;3&#8243; type=&#8221;small&#8221; accent_color=&#8221;#cfa968&#8243;][vc_column_text el_class=&#8221;lead m-b-lg&#8221;]You can write to us for information about our products or for other questions.[\/vc_column_text][vc_empty_space][\/vc_column][vc_column width=&#8221;1\/12&#8243;][\/vc_column][vc_column width=&#8221;1\/3&#8243;][vc_custom_heading text=&#8221;our office&#8221; font_container=&#8221;tag:h4|text_align:left&#8221; use_theme_fonts=&#8221;yes&#8221;][vc_separator color=&#8221;custom&#8221; align=&#8221;align_left&#8221; border_width=&#8221;3&#8243; type=&#8221;small&#8221; accent_color=&#8221;#cfa968&#8243; el_class=&#8221;m-b-lg&#8221;][vc_custom_heading text=&#8221;Our Working Hours&#8221; font_container=&#8221;tag:h4|text_align:left&#8221; use_theme_fonts=&#8221;yes&#8221; el_class=&#8221;m-t-xlg&#8221;][vc_separator color=&#8221;custom&#8221; align=&#8221;align_left&#8221; border_width=&#8221;3&#8243; type=&#8221;small&#8221; accent_color=&#8221;#cfa968&#8243; el_class=&#8221;m-b-lg&#8221;][\/vc_column][vc_column][\/vc_column][\/vc_row][vc_row full_width=&#8221;stretch_row_content_no_spaces&#8221; el_class=&#8221;m-b-n-xlg&#8221;][vc_column][vc_raw_html]JTNDaWZyYW1lJTIwc3JjJTNEJTIyaHR0cHMlM0ElMkYlMkZ3d3cuZ29vZ2xlLmNvbSUyRm1hcHMlMkZlbWJlZCUzRnBiJTNEJTIxMW0xNCUyMTFtOCUyMTFtMyUyMTFkMTUwNi44OTU0NDM1NTM0OTQlMjEyZDI5LjEzMzA4Mjk5OTk5OTk5NiUyMTNkNDAuOTQyMjUlMjEzbTIlMjExaTEwMjQlMjEyaTc2OCUyMTRmMTMuMSUyMTNtMyUyMTFtMiUyMTFzMHgwJTI1M0EweDhkYjE1MzE2ZjI2ODgzYyUyMTJzVFBNJTI1MjBNJTI1QzMlMjVCQ2hlbmRpc2xpayUyMTVlMCUyMTNtMiUyMTFzdHIlMjEyc3RyJTIxNHYxNjE0ODQ1MTY1MTk1JTIxNW0yJTIxMXN0ciUyMTJzdHIlMjIlMjB3aWR0aCUzRCUyMjEwMCUyNSUyMiUyMGhlaWdodCUzRCUyMjQ1MCUyMiUyMHN0eWxlJTNEJTIyYm9yZGVyJTNBMCUzQiUyMiUyMGFsbG93ZnVsbHNjcmVlbiUzRCUyMiUyMiUyMGxvYWRpbmclM0QlMjJsYXp5JTIyJTNFJTNDJTJGaWZyYW1lJTNF[\/vc_raw_html][vc_empty_space [&hellip;]","og_url":"https:\/\/tpm.com.tr\/en\/contact\/","og_site_name":"TPM M\u00fchendislik","article_modified_time":"2022-12-07T10:48:54+00:00","twitter_card":"summary_large_image","twitter_misc":{"Est. reading time":"2 minutes"},"schema":{"@context":"https:\/\/schema.org","@graph":[{"@type":"WebPage","@id":"https:\/\/tpm.com.tr\/en\/contact\/","url":"https:\/\/tpm.com.tr\/en\/contact\/","name":"Contact - TPM Engineering","isPartOf":{"@id":"https:\/\/tpm.com.tr\/#website"},"datePublished":"2022-10-27T11:37:53+00:00","dateModified":"2022-12-07T10:48:54+00:00","breadcrumb":{"@id":"https:\/\/tpm.com.tr\/en\/contact\/#breadcrumb"},"inLanguage":"en-US","potentialAction":[{"@type":"ReadAction","target":["https:\/\/tpm.com.tr\/en\/contact\/"]}]},{"@type":"BreadcrumbList","@id":"https:\/\/tpm.com.tr\/en\/contact\/#breadcrumb","itemListElement":[{"@type":"ListItem","position":1,"name":"Anasayfa","item":"https:\/\/tpm.com.tr\/en\/"},{"@type":"ListItem","position":2,"name":"Contact"}]},{"@type":"WebSite","@id":"https:\/\/tpm.com.tr\/#website","url":"https:\/\/tpm.com.tr\/","name":"TPM M\u00fchendislik","description":"","potentialAction":[{"@type":"SearchAction","target":{"@type":"EntryPoint","urlTemplate":"https:\/\/tpm.com.tr\/?s={search_term_string}"},"query-input":"required name=search_term_string"}],"inLanguage":"en-US"}]}},"_links":{"self":[{"href":"https:\/\/tpm.com.tr\/en\/wp-json\/wp\/v2\/pages\/4968\/"}],"collection":[{"href":"https:\/\/tpm.com.tr\/en\/wp-json\/wp\/v2\/pages\/"}],"about":[{"href":"https:\/\/tpm.com.tr\/en\/wp-json\/wp\/v2\/types\/page\/"}],"author":[{"embeddable":true,"href":"https:\/\/tpm.com.tr\/en\/wp-json\/wp\/v2\/users\/1\/"}],"replies":[{"embeddable":true,"href":"https:\/\/tpm.com.tr\/en\/wp-json\/wp\/v2\/comments\/?post=4968"}],"version-history":[{"count":3,"href":"https:\/\/tpm.com.tr\/en\/wp-json\/wp\/v2\/pages\/4968\/revisions\/"}],"predecessor-version":[{"id":5694,"href":"https:\/\/tpm.com.tr\/en\/wp-json\/wp\/v2\/pages\/4968\/revisions\/5694\/"}],"wp:attachment":[{"href":"https:\/\/tpm.com.tr\/en\/wp-json\/wp\/v2\/media\/?parent=4968"}],"curies":[{"name":"wp","href":"https:\/\/api.w.org\/{rel}","templated":true}]}}