{"id":5183,"date":"2022-10-30T23:03:26","date_gmt":"2022-10-30T23:03:26","guid":{"rendered":"https:\/\/tpm.com.tr\/?page_id=5183"},"modified":"2023-07-13T12:43:12","modified_gmt":"2023-07-13T12:43:12","slug":"spraying-pulverization-systems","status":"publish","type":"page","link":"https:\/\/tpm.com.tr\/en\/spraying-pulverization-systems\/","title":{"rendered":"Spraying &#038; Pulverization Systems"},"content":{"rendered":"<p>[vc_row][vc_column][vc_text_separator title=&#8221;Spraying &amp; Pulverization Systems&#8221; color=&#8221;sky&#8221; border_width=&#8221;2&#8243; element=&#8221;h1&#8243;][\/vc_column][vc_column width=&#8221;3\/5&#8243;][vc_row_inner][vc_column_inner width=&#8221;1\/2&#8243;][vc_column_text]As TPM Engineering, we offer industrial solutions for applications that require spraying in the sectors that you can see some application areas below. Our Spraying &amp; Pulverization Systems are used successfully in many fields of industry, including metal processing, aluminum, automotive, battery production, white goods production, glass production, forest products production, chemistry, medicine and food.[\/vc_column_text][\/vc_column_inner][vc_column_inner width=&#8221;1\/2&#8243;][vc_images_carousel images=&#8221;1243,1244,1245,1246,1247,1248,1249,1250,1251,1252,1253,1254&#8243; img_size=&#8221;243&#215;177&#8243; speed=&#8221;2000&#8243; autoplay=&#8221;yes&#8221; hide_pagination_control=&#8221;yes&#8221; wrap=&#8221;yes&#8221; css=&#8221;.vc_custom_1648132407664{padding-top: 30px !important;}&#8221; el_class=&#8221;kayazadenone&#8221;][vc_gallery type=&#8221;flexslider_slide&#8221; interval=&#8221;5&#8243; images=&#8221;1254,1253,1252,1251,1250,1249,1248,1247,1246,1243,1244,1245&#8243; img_size=&#8221;800&#215;600&#8243;][\/vc_column_inner][vc_column_inner][vc_column_text]In our spraying systems, the desired amount of product is spread homogeneously to the desired area. While this process is taking place, there will be no dusting in the environment and no dripping will occur when the spraying is finished. (After Drip) We can adjust the flow rate with the fluid pressure regulator on the control unit and the pulverization air very precisely with the air pressure regulators.[\/vc_column_text][\/vc_column_inner][\/vc_row_inner][vc_empty_space][vc_column_inner][vc_row_inner][\/vc_row_inner][\/vc_column_inner][\/vc_column][vc_column width=&#8221;2\/5&#8243;][vc_empty_space][vc_row_inner][vc_column_inner][vc_text_separator title=&#8221;LUBRICATION AND SPRAYING&#8221; color=&#8221;sky&#8221;][vc_images_carousel images=&#8221;3104,3192&#8243; img_size=&#8221;full&#8221; speed=&#8221;3000&#8243; autoplay=&#8221;yes&#8221; wrap=&#8221;yes&#8221; el_class=&#8221;kayazadenone&#8221;][vc_gallery type=&#8221;flexslider_slide&#8221; interval=&#8221;3&#8243; images=&#8221;4297,4301&#8243; img_size=&#8221;800&#215;600&#8243;][\/vc_column_inner][\/vc_row_inner][vc_row_inner][vc_column_inner width=&#8221;1\/2&#8243;][vc_single_image image=&#8221;2709&#8243; img_size=&#8221;250&#215;125&#8243; onclick=&#8221;custom_link&#8221; img_link_target=&#8221;_blank&#8221; link=&#8221;http:\/\/www.tpm.com.tr\/wp-content\/uploads\/2021\/04\/KA2-TPM.pdf&#8221;][\/vc_column_inner][vc_column_inner width=&#8221;1\/2&#8243;][vc_single_image image=&#8221;2924&#8243; img_size=&#8221;250&#215;125&#8243; alignment=&#8221;right&#8221; onclick=&#8221;custom_link&#8221; img_link_target=&#8221;_blank&#8221; link=&#8221;http:\/\/www.tpm.com.tr\/wp-content\/uploads\/2021\/04\/ST-5-ve-ST-6-Bro\u015f\u00fcr\u00fc.pdf&#8221;][\/vc_column_inner][\/vc_row_inner][\/vc_column][\/vc_row][vc_row][vc_column width=&#8221;1\/4&#8243;][vc_hoverbox image=&#8221;1900&#8243; primary_title=&#8221;Review&#8221; primary_title_font_container=&#8221;color:%23ffffff&#8221; primary_title_google_fonts=&#8221;font_family:Fira%20Sans%3A300%2C300italic%2C400%2C400italic%2C500%2C500italic%2C700%2C700italic|font_style:500%20bold%20regular%3A500%3Anormal&#8221; hover_title=&#8221;Hand Sanitizer Unit with Sensor&#8221; hover_title_font_container=&#8221;color:%23515570&#8243; hover_title_google_fonts=&#8221;font_family:Fira%20Sans%3A300%2C300italic%2C400%2C400italic%2C500%2C500italic%2C700%2C700italic|font_style:400%20regular%3A400%3Anormal&#8221; shape=&#8221;round&#8221; el_width=&#8221;90&#8243; use_custom_fonts_primary_title=&#8221;true&#8221; use_custom_fonts_hover_title=&#8221;true&#8221; reverse=&#8221;true&#8221; primary_title_link=&#8221;url:https%3A%2F%2Ftpm.com.tr%2Fen%2Fhand-sanitizer-unit-with-sensor%2F&#8221;][\/vc_hoverbox][vc_empty_space][vc_hoverbox image=&#8221;1904&#8243; primary_title=&#8221;Review&#8221; primary_title_font_container=&#8221;color:%23ffffff&#8221; primary_title_google_fonts=&#8221;font_family:Fira%20Sans%3A300%2C300italic%2C400%2C400italic%2C500%2C500italic%2C700%2C700italic|font_style:500%20bold%20regular%3A500%3Anormal&#8221; hover_title=&#8221;Graphite Oil Spraying Applications&#8221; hover_title_font_container=&#8221;color:%23515570&#8243; hover_title_google_fonts=&#8221;font_family:Fira%20Sans%3A300%2C300italic%2C400%2C400italic%2C500%2C500italic%2C700%2C700italic|font_style:400%20regular%3A400%3Anormal&#8221; shape=&#8221;round&#8221; hover_background_color=&#8221;custom&#8221; el_width=&#8221;90&#8243; use_custom_fonts_primary_title=&#8221;true&#8221; use_custom_fonts_hover_title=&#8221;true&#8221; reverse=&#8221;true&#8221; primary_title_link=&#8221;url:https%3A%2F%2Ftpm.com.tr%2Fen%2Fgraphite-oil-spraying-applications%2F&#8221; hover_custom_background=&#8221;#c0d2e8&#8243; css=&#8221;.vc_custom_1689251912065{padding-top: 5px !important;}&#8221;][\/vc_hoverbox][vc_empty_space][\/vc_column][vc_column width=&#8221;1\/4&#8243;][vc_hoverbox image=&#8221;1901&#8243; primary_title=&#8221;Review&#8221; primary_title_font_container=&#8221;color:%23ffffff&#8221; primary_title_google_fonts=&#8221;font_family:Fira%20Sans%3A300%2C300italic%2C400%2C400italic%2C500%2C500italic%2C700%2C700italic|font_style:500%20bold%20regular%3A500%3Anormal&#8221; hover_title=&#8221;Sheet Blasting Applications&#8221; hover_title_font_container=&#8221;color:%23515570&#8243; hover_title_google_fonts=&#8221;font_family:Fira%20Sans%3A300%2C300italic%2C400%2C400italic%2C500%2C500italic%2C700%2C700italic|font_style:400%20regular%3A400%3Anormal&#8221; shape=&#8221;round&#8221; hover_background_color=&#8221;custom&#8221; el_width=&#8221;90&#8243; use_custom_fonts_primary_title=&#8221;true&#8221; use_custom_fonts_hover_title=&#8221;true&#8221; reverse=&#8221;true&#8221; primary_title_link=&#8221;url:https%3A%2F%2Ftpm.com.tr%2Fen%2Fsheet-metal-spraying-applications%2F&#8221; hover_custom_background=&#8221;#c0d2e8&#8243;][\/vc_hoverbox][vc_empty_space][vc_hoverbox image=&#8221;1905&#8243; primary_title=&#8221;Review&#8221; primary_title_font_container=&#8221;color:%23ffffff&#8221; primary_title_google_fonts=&#8221;font_family:Fira%20Sans%3A300%2C300italic%2C400%2C400italic%2C500%2C500italic%2C700%2C700italic|font_style:500%20bold%20regular%3A500%3Anormal&#8221; hover_title=&#8221;Paint Spray Applications&#8221; hover_title_font_container=&#8221;color:%23515570&#8243; hover_title_google_fonts=&#8221;font_family:Fira%20Sans%3A300%2C300italic%2C400%2C400italic%2C500%2C500italic%2C700%2C700italic|font_style:400%20regular%3A400%3Anormal&#8221; shape=&#8221;round&#8221; el_width=&#8221;90&#8243; use_custom_fonts_primary_title=&#8221;true&#8221; use_custom_fonts_hover_title=&#8221;true&#8221; reverse=&#8221;true&#8221; primary_title_link=&#8221;url:https%3A%2F%2Ftpm.com.tr%2Fen%2Fpaint-spray-applications%2F&#8221; css=&#8221;.vc_custom_1689251964606{padding-top: 5px !important;}&#8221;][\/vc_hoverbox][vc_empty_space][\/vc_column][vc_column width=&#8221;1\/4&#8243;][vc_hoverbox image=&#8221;1902&#8243; primary_title=&#8221;Review&#8221; primary_title_font_container=&#8221;color:%23ffffff&#8221; primary_title_google_fonts=&#8221;font_family:Fira%20Sans%3A300%2C300italic%2C400%2C400italic%2C500%2C500italic%2C700%2C700italic|font_style:500%20bold%20regular%3A500%3Anormal&#8221; hover_title=&#8221;Mold Lubrication Applications&#8221; hover_title_font_container=&#8221;color:%23515570&#8243; hover_title_google_fonts=&#8221;font_family:Fira%20Sans%3A300%2C300italic%2C400%2C400italic%2C500%2C500italic%2C700%2C700italic|font_style:400%20regular%3A400%3Anormal&#8221; shape=&#8221;round&#8221; el_width=&#8221;90&#8243; use_custom_fonts_primary_title=&#8221;true&#8221; use_custom_fonts_hover_title=&#8221;true&#8221; reverse=&#8221;true&#8221; primary_title_link=&#8221;url:https%3A%2F%2Ftpm.com.tr%2Fen%2Fmold-lubrication-applications%2F&#8221;][\/vc_hoverbox][vc_empty_space][vc_hoverbox image=&#8221;1906&#8243; primary_title=&#8221;Review&#8221; primary_title_font_container=&#8221;color:%23ffffff&#8221; primary_title_google_fonts=&#8221;font_family:Fira%20Sans%3A300%2C300italic%2C400%2C400italic%2C500%2C500italic%2C700%2C700italic|font_style:500%20bold%20regular%3A500%3Anormal&#8221; hover_title=&#8221;Chemical Spraying Applications&#8221; hover_title_font_container=&#8221;color:%23515570&#8243; hover_title_google_fonts=&#8221;font_family:Fira%20Sans%3A300%2C300italic%2C400%2C400italic%2C500%2C500italic%2C700%2C700italic|font_style:400%20regular%3A400%3Anormal&#8221; shape=&#8221;round&#8221; hover_background_color=&#8221;custom&#8221; el_width=&#8221;90&#8243; use_custom_fonts_primary_title=&#8221;true&#8221; use_custom_fonts_hover_title=&#8221;true&#8221; reverse=&#8221;true&#8221; primary_title_link=&#8221;url:https%3A%2F%2Ftpm.com.tr%2Fen%2Fchemical-spraying-applications%2F&#8221; hover_custom_background=&#8221;#c0d2e8&#8243; css=&#8221;.vc_custom_1689252015208{padding-top: 5px !important;}&#8221;][\/vc_hoverbox][vc_empty_space][\/vc_column][vc_column width=&#8221;1\/4&#8243;][vc_hoverbox image=&#8221;1903&#8243; primary_title=&#8221;Review&#8221; primary_title_font_container=&#8221;color:%23ffffff&#8221; primary_title_google_fonts=&#8221;font_family:Fira%20Sans%3A300%2C300italic%2C400%2C400italic%2C500%2C500italic%2C700%2C700italic|font_style:500%20bold%20regular%3A500%3Anormal&#8221; hover_title=&#8221;Aluminum Profile Lubrication Applications&#8221; hover_title_font_container=&#8221;color:%23515570&#8243; hover_title_google_fonts=&#8221;font_family:Fira%20Sans%3A300%2C300italic%2C400%2C400italic%2C500%2C500italic%2C700%2C700italic|font_style:400%20regular%3A400%3Anormal&#8221; shape=&#8221;round&#8221; hover_background_color=&#8221;custom&#8221; el_width=&#8221;90&#8243; use_custom_fonts_primary_title=&#8221;true&#8221; use_custom_fonts_hover_title=&#8221;true&#8221; reverse=&#8221;true&#8221; primary_title_link=&#8221;url:https%3A%2F%2Ftpm.com.tr%2Fen%2Faluminum-profile-lubrication-applications%2F&#8221; hover_custom_background=&#8221;#c0d2e8&#8243;][\/vc_hoverbox][vc_empty_space][vc_hoverbox image=&#8221;1907&#8243; primary_title=&#8221;Review&#8221; primary_title_font_container=&#8221;color:%23ffffff&#8221; primary_title_google_fonts=&#8221;font_family:Fira%20Sans%3A300%2C300italic%2C400%2C400italic%2C500%2C500italic%2C700%2C700italic|font_style:500%20bold%20regular%3A500%3Anormal&#8221; hover_title=&#8221;Food Spraying Applications&#8221; hover_title_font_container=&#8221;color:%23515570&#8243; hover_title_google_fonts=&#8221;font_family:Fira%20Sans%3A300%2C300italic%2C400%2C400italic%2C500%2C500italic%2C700%2C700italic|font_style:400%20regular%3A400%3Anormal&#8221; shape=&#8221;round&#8221; el_width=&#8221;90&#8243; use_custom_fonts_primary_title=&#8221;true&#8221; use_custom_fonts_hover_title=&#8221;true&#8221; reverse=&#8221;true&#8221; primary_title_link=&#8221;url:https%3A%2F%2Ftpm.com.tr%2Fen%2Ffood-spraying-applications%2F&#8221; css=&#8221;.vc_custom_1689252055516{padding-top: 5px !important;}&#8221;][\/vc_hoverbox][\/vc_column][\/vc_row][vc_row][vc_column width=&#8221;1\/2&#8243;][vc_hoverbox image=&#8221;1908&#8243; primary_title=&#8221;Review&#8221; primary_title_font_container=&#8221;color:%23ffffff&#8221; primary_title_google_fonts=&#8221;font_family:Fira%20Sans%3A300%2C300italic%2C400%2C400italic%2C500%2C500italic%2C700%2C700italic|font_style:500%20bold%20regular%3A500%3Anormal&#8221; hover_title=&#8221;Battery Terminal Lubrication Applications&#8221; hover_title_font_container=&#8221;color:%23515570&#8243; hover_title_google_fonts=&#8221;font_family:Fira%20Sans%3A300%2C300italic%2C400%2C400italic%2C500%2C500italic%2C700%2C700italic|font_style:400%20regular%3A400%3Anormal&#8221; shape=&#8221;round&#8221; el_width=&#8221;90&#8243; use_custom_fonts_primary_title=&#8221;true&#8221; use_custom_fonts_hover_title=&#8221;true&#8221; reverse=&#8221;true&#8221; primary_title_link=&#8221;url:https%3A%2F%2Ftpm.com.tr%2Fen%2Fbattery-terminal-lubrication-applications%2F&#8221;][\/vc_hoverbox][vc_empty_space height=&#8221;50px&#8221;][\/vc_column][vc_column width=&#8221;1\/2&#8243;][vc_hoverbox image=&#8221;1910&#8243; primary_title=&#8221;Review&#8221; primary_title_font_container=&#8221;color:%23515570&#8243; primary_title_google_fonts=&#8221;font_family:Fira%20Sans%3A300%2C300italic%2C400%2C400italic%2C500%2C500italic%2C700%2C700italic|font_style:400%20regular%3A400%3Anormal&#8221; hover_title=&#8221;Other Apps&#8221; hover_title_font_container=&#8221;color:%23515570&#8243; hover_title_google_fonts=&#8221;font_family:Fira%20Sans%3A300%2C300italic%2C400%2C400italic%2C500%2C500italic%2C700%2C700italic|font_style:400%20regular%3A400%3Anormal&#8221; shape=&#8221;round&#8221; el_width=&#8221;90&#8243; use_custom_fonts_primary_title=&#8221;true&#8221; use_custom_fonts_hover_title=&#8221;true&#8221; reverse=&#8221;true&#8221; hover_title_link=&#8221;url:https%3A%2F%2Ftpm.com.tr%2Fspreyleme-puskurtme-sistemleri%2Fdiger-uygulamalar%2F|target:_blank&#8221; css=&#8221;.vc_custom_1689252102680{padding-top: 5px !important;}&#8221; primary_title_link=&#8221;url:https%3A%2F%2Ftpm.com.tr%2Fen%2Fother-applications%2F&#8221;][\/vc_hoverbox][\/vc_column][\/vc_row]<\/p>\n","protected":false},"excerpt":{"rendered":"<p>[vc_row][vc_column][vc_text_separator title=&#8221;Spraying &amp; Pulverization Systems&#8221; color=&#8221;sky&#8221; border_width=&#8221;2&#8243; element=&#8221;h1&#8243;][\/vc_column][vc_column width=&#8221;3\/5&#8243;][vc_row_inner][vc_column_inner width=&#8221;1\/2&#8243;][vc_column_text]As TPM Engineering, we offer industrial solutions for applications that require spraying in the sectors that you can see some application areas below. Our Spraying &amp; Pulverization Systems are used successfully in many fields of industry, including metal processing, aluminum, automotive, battery production, white goods production, [&hellip;]<\/p>\n","protected":false},"author":1,"featured_media":0,"parent":0,"menu_order":0,"comment_status":"closed","ping_status":"closed","template":"","meta":{"_daextinma_seo_power":"","_daextinma_enable_ail":"","footnotes":""},"yoast_head":"<!-- This site is optimized with the Yoast SEO plugin v21.6 - https:\/\/yoast.com\/wordpress\/plugins\/seo\/ -->\n<title>Spraying &amp; Spraying Systems | TPM Engineering<\/title>\n<meta name=\"description\" content=\"You can access detailed information on our website for Spraying &amp; Spraying Systems that can be applied to the desired area in the desired amount and do not drip.\" \/>\n<meta name=\"robots\" content=\"index, follow, max-snippet:-1, max-image-preview:large, max-video-preview:-1\" \/>\n<link rel=\"canonical\" href=\"https:\/\/tpm.com.tr\/en\/spraying-pulverization-systems\/\" \/>\n<meta property=\"og:locale\" content=\"en_US\" \/>\n<meta property=\"og:type\" content=\"article\" \/>\n<meta property=\"og:title\" content=\"Spraying &amp; Spraying Systems | TPM Engineering\" \/>\n<meta property=\"og:description\" content=\"You can access detailed information on our website for Spraying &amp; Spraying Systems that can be applied to the desired area in the desired amount and do not drip.\" \/>\n<meta property=\"og:url\" content=\"https:\/\/tpm.com.tr\/en\/spraying-pulverization-systems\/\" \/>\n<meta property=\"og:site_name\" content=\"TPM M\u00fchendislik\" \/>\n<meta property=\"article:modified_time\" content=\"2023-07-13T12:43:12+00:00\" \/>\n<meta name=\"twitter:card\" content=\"summary_large_image\" \/>\n<meta name=\"twitter:label1\" content=\"Est. reading time\" \/>\n\t<meta name=\"twitter:data1\" content=\"3 minutes\" \/>\n<script type=\"application\/ld+json\" class=\"yoast-schema-graph\">{\"@context\":\"https:\/\/schema.org\",\"@graph\":[{\"@type\":\"WebPage\",\"@id\":\"https:\/\/tpm.com.tr\/en\/spraying-pulverization-systems\/\",\"url\":\"https:\/\/tpm.com.tr\/en\/spraying-pulverization-systems\/\",\"name\":\"Spraying & Spraying Systems | TPM Engineering\",\"isPartOf\":{\"@id\":\"https:\/\/tpm.com.tr\/#website\"},\"datePublished\":\"2022-10-30T23:03:26+00:00\",\"dateModified\":\"2023-07-13T12:43:12+00:00\",\"description\":\"You can access detailed information on our website for Spraying & Spraying Systems that can be applied to the desired area in the desired amount and do not drip.\",\"breadcrumb\":{\"@id\":\"https:\/\/tpm.com.tr\/en\/spraying-pulverization-systems\/#breadcrumb\"},\"inLanguage\":\"en-US\",\"potentialAction\":[{\"@type\":\"ReadAction\",\"target\":[\"https:\/\/tpm.com.tr\/en\/spraying-pulverization-systems\/\"]}]},{\"@type\":\"BreadcrumbList\",\"@id\":\"https:\/\/tpm.com.tr\/en\/spraying-pulverization-systems\/#breadcrumb\",\"itemListElement\":[{\"@type\":\"ListItem\",\"position\":1,\"name\":\"Anasayfa\",\"item\":\"https:\/\/tpm.com.tr\/en\/\"},{\"@type\":\"ListItem\",\"position\":2,\"name\":\"Spraying &#038; Pulverization Systems\"}]},{\"@type\":\"WebSite\",\"@id\":\"https:\/\/tpm.com.tr\/#website\",\"url\":\"https:\/\/tpm.com.tr\/\",\"name\":\"TPM M\u00fchendislik\",\"description\":\"\",\"potentialAction\":[{\"@type\":\"SearchAction\",\"target\":{\"@type\":\"EntryPoint\",\"urlTemplate\":\"https:\/\/tpm.com.tr\/?s={search_term_string}\"},\"query-input\":\"required name=search_term_string\"}],\"inLanguage\":\"en-US\"}]}<\/script>\n<!-- \/ Yoast SEO plugin. -->","yoast_head_json":{"title":"Spraying & Spraying Systems | TPM Engineering","description":"You can access detailed information on our website for Spraying & Spraying Systems that can be applied to the desired area in the desired amount and do not drip.","robots":{"index":"index","follow":"follow","max-snippet":"max-snippet:-1","max-image-preview":"max-image-preview:large","max-video-preview":"max-video-preview:-1"},"canonical":"https:\/\/tpm.com.tr\/en\/spraying-pulverization-systems\/","og_locale":"en_US","og_type":"article","og_title":"Spraying & Spraying Systems | TPM Engineering","og_description":"You can access detailed information on our website for Spraying & Spraying Systems that can be applied to the desired area in the desired amount and do not drip.","og_url":"https:\/\/tpm.com.tr\/en\/spraying-pulverization-systems\/","og_site_name":"TPM M\u00fchendislik","article_modified_time":"2023-07-13T12:43:12+00:00","twitter_card":"summary_large_image","twitter_misc":{"Est. reading time":"3 minutes"},"schema":{"@context":"https:\/\/schema.org","@graph":[{"@type":"WebPage","@id":"https:\/\/tpm.com.tr\/en\/spraying-pulverization-systems\/","url":"https:\/\/tpm.com.tr\/en\/spraying-pulverization-systems\/","name":"Spraying & Spraying Systems | TPM Engineering","isPartOf":{"@id":"https:\/\/tpm.com.tr\/#website"},"datePublished":"2022-10-30T23:03:26+00:00","dateModified":"2023-07-13T12:43:12+00:00","description":"You can access detailed information on our website for Spraying & Spraying Systems that can be applied to the desired area in the desired amount and do not drip.","breadcrumb":{"@id":"https:\/\/tpm.com.tr\/en\/spraying-pulverization-systems\/#breadcrumb"},"inLanguage":"en-US","potentialAction":[{"@type":"ReadAction","target":["https:\/\/tpm.com.tr\/en\/spraying-pulverization-systems\/"]}]},{"@type":"BreadcrumbList","@id":"https:\/\/tpm.com.tr\/en\/spraying-pulverization-systems\/#breadcrumb","itemListElement":[{"@type":"ListItem","position":1,"name":"Anasayfa","item":"https:\/\/tpm.com.tr\/en\/"},{"@type":"ListItem","position":2,"name":"Spraying &#038; Pulverization Systems"}]},{"@type":"WebSite","@id":"https:\/\/tpm.com.tr\/#website","url":"https:\/\/tpm.com.tr\/","name":"TPM M\u00fchendislik","description":"","potentialAction":[{"@type":"SearchAction","target":{"@type":"EntryPoint","urlTemplate":"https:\/\/tpm.com.tr\/?s={search_term_string}"},"query-input":"required name=search_term_string"}],"inLanguage":"en-US"}]}},"_links":{"self":[{"href":"https:\/\/tpm.com.tr\/en\/wp-json\/wp\/v2\/pages\/5183\/"}],"collection":[{"href":"https:\/\/tpm.com.tr\/en\/wp-json\/wp\/v2\/pages\/"}],"about":[{"href":"https:\/\/tpm.com.tr\/en\/wp-json\/wp\/v2\/types\/page\/"}],"author":[{"embeddable":true,"href":"https:\/\/tpm.com.tr\/en\/wp-json\/wp\/v2\/users\/1\/"}],"replies":[{"embeddable":true,"href":"https:\/\/tpm.com.tr\/en\/wp-json\/wp\/v2\/comments\/?post=5183"}],"version-history":[{"count":5,"href":"https:\/\/tpm.com.tr\/en\/wp-json\/wp\/v2\/pages\/5183\/revisions\/"}],"predecessor-version":[{"id":6166,"href":"https:\/\/tpm.com.tr\/en\/wp-json\/wp\/v2\/pages\/5183\/revisions\/6166\/"}],"wp:attachment":[{"href":"https:\/\/tpm.com.tr\/en\/wp-json\/wp\/v2\/media\/?parent=5183"}],"curies":[{"name":"wp","href":"https:\/\/api.w.org\/{rel}","templated":true}]}}