{"id":5223,"date":"2022-10-31T08:53:10","date_gmt":"2022-10-31T08:53:10","guid":{"rendered":"https:\/\/tpm.com.tr\/?page_id=5223"},"modified":"2022-11-04T11:27:33","modified_gmt":"2022-11-04T11:27:33","slug":"spray-nozzles","status":"publish","type":"page","link":"https:\/\/tpm.com.tr\/en\/spray-nozzles\/","title":{"rendered":"Spray Nozzles"},"content":{"rendered":"<p>[vc_row][vc_column width=&#8221;3\/5&#8243;][vc_text_separator title=&#8221;Spray Nozzles&#8221; color=&#8221;sky&#8221; border_width=&#8221;2&#8243;][vc_row_inner][vc_column_inner][vc_column_text]<strong>Spray Guns<\/strong><br \/>\nThere are different types of spray guns and auxiliary equipment that can spray oil, protective oil, mold release, grease, glue, paint, solvent.[\/vc_column_text][\/vc_column_inner][\/vc_row_inner][vc_row_inner][vc_column_inner width=&#8221;1\/2&#8243;][vc_single_image image=&#8221;492&#8243; img_size=&#8221;full&#8221; alignment=&#8221;center&#8221; onclick=&#8221;link_image&#8221;][\/vc_column_inner][vc_column_inner width=&#8221;1\/2&#8243;][vc_single_image image=&#8221;491&#8243; img_size=&#8221;full&#8221; alignment=&#8221;center&#8221; onclick=&#8221;link_image&#8221;][\/vc_column_inner][\/vc_row_inner][\/vc_column][vc_column width=&#8221;2\/5&#8243;][vc_text_separator title=&#8221;Spraying and Pulverization systems&#8221; color=&#8221;sky&#8221;][vc_column_text]<\/p>\n<ul>\n<li><a href=\"\/otomatik-yaglama-sistemleri\/\">Otomatik Ya\u011flama ve Spreyleme Sistemleri<\/a>\n<ul>\n<li><a href=\"\/otomatik-yaglama-sistemleri\/merkezi-yaglama-sistemleri\/\">Merkezi Gres ve S\u0131v\u0131 Ya\u011flama Sistemleri<\/a><\/li>\n<li><a href=\"\/otomatik-yaglama-sistemleri\/zincir-yaglama-sistemleri\/\">Zincir Ya\u011flama Sistemleri<\/a><\/li>\n<li><a href=\"\/otomatik-yaglama-sistemleri\/tek-nokta-otomatik-yaglama-sistemleri\/\">Tek Nokta Otomatik Ya\u011flama Sistemleri<\/a>\n<ul>\n<li><a href=\"\/otomatik-yaglama-sistemleri\/tek-nokta-otomatik-yaglama-sistemleri\/pulsarlube-s\/\">Pulsarlube S<\/a><\/li>\n<li><a href=\"\/otomatik-yaglama-sistemleri\/tek-nokta-otomatik-yaglama-sistemleri\/pulsarlube-e\/\">Pulsarlube E<\/a><\/li>\n<li><a href=\"\/otomatik-yaglama-sistemleri\/tek-nokta-otomatik-yaglama-sistemleri\/pulsarlube-c\/\">Pulsarlube C<\/a><\/li>\n<li><a href=\"\/otomatik-yaglama-sistemleri\/tek-nokta-otomatik-yaglama-sistemleri\/pulsarlube-v\/\">Pulsarlube V<\/a><\/li>\n<li><a href=\"\/otomatik-yaglama-sistemleri\/tek-nokta-otomatik-yaglama-sistemleri\/pulsarlube-m\/\">Pulsarlube M<\/a><\/li>\n<li><a href=\"\/otomatik-yaglama-sistemleri\/tek-nokta-otomatik-yaglama-sistemleri\/pulsarlube-mi\/\">Pulsarlube Mi<\/a><\/li>\n<\/ul>\n<\/li>\n<li><a href=\"\/otomatik-yaglama-sistemleri\/rulo-sac-yaglama-sistemleri\/\">Rulo Sac Ya\u011flama Sistemleri<\/a><\/li>\n<li><a href=\"\/otomatik-yaglama-sistemleri\/bilgisayar-destekli-manuel-yaglama-sistemi-luberight\/\">Bilgisayar Destekli Manuel Ya\u011flama Sistemi (LUBERIGHT)<\/a><\/li>\n<li><a href=\"\/otomatik-yaglama-sistemleri\/dozlama-sistemleri\/\">Dozlama Sistemleri<\/a><\/li>\n<li><a href=\"\/otomatik-yaglama-sistemleri\/spreyleme-puskurtme-sistemleri\/\">Spreyleme &amp; P\u00fcsk\u00fcrtme Sistemleri<\/a>\n<ul>\n<li><a href=\"\/otomatik-yaglama-sistemleri\/spreyleme-puskurtme-sistemleri\/sensorlu-el-dezenfektan-unitesi\/\">Sens\u00f6rl\u00fc El Dezenfektan \u00dcnitesi<\/a><\/li>\n<li><a href=\"\/otomatik-yaglama-sistemleri\/spreyleme-puskurtme-sistemleri\/spreyleme-nozullari\/\">Spreyleme Nozullar\u0131<\/a><\/li>\n<\/ul>\n<\/li>\n<\/ul>\n<\/li>\n<\/ul>\n<p>[\/vc_column_text][\/vc_column][\/vc_row]<\/p>\n","protected":false},"excerpt":{"rendered":"<p>[vc_row][vc_column width=&#8221;3\/5&#8243;][vc_text_separator title=&#8221;Spray Nozzles&#8221; color=&#8221;sky&#8221; border_width=&#8221;2&#8243;][vc_row_inner][vc_column_inner][vc_column_text]Spray Guns There are different types of spray guns and auxiliary equipment that can spray oil, protective oil, mold release, grease, glue, paint, solvent.[\/vc_column_text][\/vc_column_inner][\/vc_row_inner][vc_row_inner][vc_column_inner width=&#8221;1\/2&#8243;][vc_single_image image=&#8221;492&#8243; img_size=&#8221;full&#8221; alignment=&#8221;center&#8221; onclick=&#8221;link_image&#8221;][\/vc_column_inner][vc_column_inner width=&#8221;1\/2&#8243;][vc_single_image image=&#8221;491&#8243; img_size=&#8221;full&#8221; alignment=&#8221;center&#8221; onclick=&#8221;link_image&#8221;][\/vc_column_inner][\/vc_row_inner][\/vc_column][vc_column width=&#8221;2\/5&#8243;][vc_text_separator title=&#8221;Spraying and Pulverization systems&#8221; color=&#8221;sky&#8221;][vc_column_text] Otomatik Ya\u011flama ve Spreyleme Sistemleri Merkezi Gres ve S\u0131v\u0131 Ya\u011flama [&hellip;]<\/p>\n","protected":false},"author":1,"featured_media":0,"parent":0,"menu_order":0,"comment_status":"closed","ping_status":"closed","template":"","meta":{"_daextinma_seo_power":"","_daextinma_enable_ail":"","footnotes":""},"class_list":["post-5223","page","type-page","status-publish","hentry"],"yoast_head":"<!-- This site is optimized with the Yoast SEO plugin v27.5 - https:\/\/yoast.com\/product\/yoast-seo-wordpress\/ -->\n<title>Spray Nozzles - TPM Engineering<\/title>\n<meta name=\"robots\" content=\"index, follow, max-snippet:-1, max-image-preview:large, max-video-preview:-1\" \/>\n<link rel=\"canonical\" href=\"https:\/\/tpm.com.tr\/en\/spray-nozzles\/\" \/>\n<meta property=\"og:locale\" content=\"en_US\" \/>\n<meta property=\"og:type\" content=\"article\" \/>\n<meta property=\"og:title\" content=\"Spray Nozzles - TPM Engineering\" \/>\n<meta property=\"og:description\" content=\"[vc_row][vc_column width=&#8221;3\/5&#8243;][vc_text_separator title=&#8221;Spray Nozzles&#8221; color=&#8221;sky&#8221; border_width=&#8221;2&#8243;][vc_row_inner][vc_column_inner][vc_column_text]Spray Guns There are different types of spray guns and auxiliary equipment that can spray oil, protective oil, mold release, grease, glue, paint, solvent.[\/vc_column_text][\/vc_column_inner][\/vc_row_inner][vc_row_inner][vc_column_inner width=&#8221;1\/2&#8243;][vc_single_image image=&#8221;492&#8243; img_size=&#8221;full&#8221; alignment=&#8221;center&#8221; onclick=&#8221;link_image&#8221;][\/vc_column_inner][vc_column_inner width=&#8221;1\/2&#8243;][vc_single_image image=&#8221;491&#8243; img_size=&#8221;full&#8221; alignment=&#8221;center&#8221; onclick=&#8221;link_image&#8221;][\/vc_column_inner][\/vc_row_inner][\/vc_column][vc_column width=&#8221;2\/5&#8243;][vc_text_separator title=&#8221;Spraying and Pulverization systems&#8221; color=&#8221;sky&#8221;][vc_column_text] Otomatik Ya\u011flama ve Spreyleme Sistemleri Merkezi Gres ve S\u0131v\u0131 Ya\u011flama [&hellip;]\" \/>\n<meta property=\"og:url\" content=\"https:\/\/tpm.com.tr\/en\/spray-nozzles\/\" \/>\n<meta property=\"og:site_name\" content=\"TPM M\u00fchendislik\" \/>\n<meta property=\"article:modified_time\" content=\"2022-11-04T11:27:33+00:00\" \/>\n<meta name=\"twitter:card\" content=\"summary_large_image\" \/>\n<meta name=\"twitter:label1\" content=\"Est. reading time\" \/>\n\t<meta name=\"twitter:data1\" content=\"1 minute\" \/>\n<script type=\"application\/ld+json\" class=\"yoast-schema-graph\">{\"@context\":\"https:\\\/\\\/schema.org\",\"@graph\":[{\"@type\":\"WebPage\",\"@id\":\"https:\\\/\\\/tpm.com.tr\\\/en\\\/spray-nozzles\\\/\",\"url\":\"https:\\\/\\\/tpm.com.tr\\\/en\\\/spray-nozzles\\\/\",\"name\":\"Spray Nozzles - TPM Engineering\",\"isPartOf\":{\"@id\":\"https:\\\/\\\/tpm.com.tr\\\/#website\"},\"datePublished\":\"2022-10-31T08:53:10+00:00\",\"dateModified\":\"2022-11-04T11:27:33+00:00\",\"breadcrumb\":{\"@id\":\"https:\\\/\\\/tpm.com.tr\\\/en\\\/spray-nozzles\\\/#breadcrumb\"},\"inLanguage\":\"en-US\",\"potentialAction\":[{\"@type\":\"ReadAction\",\"target\":[\"https:\\\/\\\/tpm.com.tr\\\/en\\\/spray-nozzles\\\/\"]}]},{\"@type\":\"BreadcrumbList\",\"@id\":\"https:\\\/\\\/tpm.com.tr\\\/en\\\/spray-nozzles\\\/#breadcrumb\",\"itemListElement\":[{\"@type\":\"ListItem\",\"position\":1,\"name\":\"Anasayfa\",\"item\":\"https:\\\/\\\/tpm.com.tr\\\/en\\\/\"},{\"@type\":\"ListItem\",\"position\":2,\"name\":\"Spray Nozzles\"}]},{\"@type\":\"WebSite\",\"@id\":\"https:\\\/\\\/tpm.com.tr\\\/#website\",\"url\":\"https:\\\/\\\/tpm.com.tr\\\/\",\"name\":\"TPM M\u00fchendislik\",\"description\":\"\",\"potentialAction\":[{\"@type\":\"SearchAction\",\"target\":{\"@type\":\"EntryPoint\",\"urlTemplate\":\"https:\\\/\\\/tpm.com.tr\\\/?s={search_term_string}\"},\"query-input\":{\"@type\":\"PropertyValueSpecification\",\"valueRequired\":true,\"valueName\":\"search_term_string\"}}],\"inLanguage\":\"en-US\"}]}<\/script>\n<!-- \/ Yoast SEO plugin. -->","yoast_head_json":{"title":"Spray Nozzles - TPM Engineering","robots":{"index":"index","follow":"follow","max-snippet":"max-snippet:-1","max-image-preview":"max-image-preview:large","max-video-preview":"max-video-preview:-1"},"canonical":"https:\/\/tpm.com.tr\/en\/spray-nozzles\/","og_locale":"en_US","og_type":"article","og_title":"Spray Nozzles - TPM Engineering","og_description":"[vc_row][vc_column width=&#8221;3\/5&#8243;][vc_text_separator title=&#8221;Spray Nozzles&#8221; color=&#8221;sky&#8221; border_width=&#8221;2&#8243;][vc_row_inner][vc_column_inner][vc_column_text]Spray Guns There are different types of spray guns and auxiliary equipment that can spray oil, protective oil, mold release, grease, glue, paint, solvent.[\/vc_column_text][\/vc_column_inner][\/vc_row_inner][vc_row_inner][vc_column_inner width=&#8221;1\/2&#8243;][vc_single_image image=&#8221;492&#8243; img_size=&#8221;full&#8221; alignment=&#8221;center&#8221; onclick=&#8221;link_image&#8221;][\/vc_column_inner][vc_column_inner width=&#8221;1\/2&#8243;][vc_single_image image=&#8221;491&#8243; img_size=&#8221;full&#8221; alignment=&#8221;center&#8221; onclick=&#8221;link_image&#8221;][\/vc_column_inner][\/vc_row_inner][\/vc_column][vc_column width=&#8221;2\/5&#8243;][vc_text_separator title=&#8221;Spraying and Pulverization systems&#8221; color=&#8221;sky&#8221;][vc_column_text] Otomatik Ya\u011flama ve Spreyleme Sistemleri Merkezi Gres ve S\u0131v\u0131 Ya\u011flama [&hellip;]","og_url":"https:\/\/tpm.com.tr\/en\/spray-nozzles\/","og_site_name":"TPM M\u00fchendislik","article_modified_time":"2022-11-04T11:27:33+00:00","twitter_card":"summary_large_image","twitter_misc":{"Est. reading time":"1 minute"},"schema":{"@context":"https:\/\/schema.org","@graph":[{"@type":"WebPage","@id":"https:\/\/tpm.com.tr\/en\/spray-nozzles\/","url":"https:\/\/tpm.com.tr\/en\/spray-nozzles\/","name":"Spray Nozzles - TPM Engineering","isPartOf":{"@id":"https:\/\/tpm.com.tr\/#website"},"datePublished":"2022-10-31T08:53:10+00:00","dateModified":"2022-11-04T11:27:33+00:00","breadcrumb":{"@id":"https:\/\/tpm.com.tr\/en\/spray-nozzles\/#breadcrumb"},"inLanguage":"en-US","potentialAction":[{"@type":"ReadAction","target":["https:\/\/tpm.com.tr\/en\/spray-nozzles\/"]}]},{"@type":"BreadcrumbList","@id":"https:\/\/tpm.com.tr\/en\/spray-nozzles\/#breadcrumb","itemListElement":[{"@type":"ListItem","position":1,"name":"Anasayfa","item":"https:\/\/tpm.com.tr\/en\/"},{"@type":"ListItem","position":2,"name":"Spray Nozzles"}]},{"@type":"WebSite","@id":"https:\/\/tpm.com.tr\/#website","url":"https:\/\/tpm.com.tr\/","name":"TPM M\u00fchendislik","description":"","potentialAction":[{"@type":"SearchAction","target":{"@type":"EntryPoint","urlTemplate":"https:\/\/tpm.com.tr\/?s={search_term_string}"},"query-input":{"@type":"PropertyValueSpecification","valueRequired":true,"valueName":"search_term_string"}}],"inLanguage":"en-US"}]}},"_links":{"self":[{"href":"https:\/\/tpm.com.tr\/en\/wp-json\/wp\/v2\/pages\/5223\/"}],"collection":[{"href":"https:\/\/tpm.com.tr\/en\/wp-json\/wp\/v2\/pages\/"}],"about":[{"href":"https:\/\/tpm.com.tr\/en\/wp-json\/wp\/v2\/types\/page\/"}],"author":[{"embeddable":true,"href":"https:\/\/tpm.com.tr\/en\/wp-json\/wp\/v2\/users\/1\/"}],"replies":[{"embeddable":true,"href":"https:\/\/tpm.com.tr\/en\/wp-json\/wp\/v2\/comments\/?post=5223"}],"version-history":[{"count":2,"href":"https:\/\/tpm.com.tr\/en\/wp-json\/wp\/v2\/pages\/5223\/revisions\/"}],"predecessor-version":[{"id":5225,"href":"https:\/\/tpm.com.tr\/en\/wp-json\/wp\/v2\/pages\/5223\/revisions\/5225\/"}],"wp:attachment":[{"href":"https:\/\/tpm.com.tr\/en\/wp-json\/wp\/v2\/media\/?parent=5223"}],"curies":[{"name":"wp","href":"https:\/\/api.w.org\/{rel}","templated":true}]}}