{"id":6631,"date":"2025-07-31T08:17:27","date_gmt":"2025-07-31T08:17:27","guid":{"rendered":"https:\/\/tpm.com.tr\/skf-dual-line-otomatik-yaglama-sistemleri\/"},"modified":"2025-08-15T07:33:36","modified_gmt":"2025-08-15T07:33:36","slug":"skf-dual-line-automatic-lubrication-systems","status":"publish","type":"page","link":"https:\/\/tpm.com.tr\/en\/skf-dual-line-automatic-lubrication-systems\/","title":{"rendered":"SKF Dual-Line Automatic Lubrication Systems"},"content":{"rendered":"<p>[vc_row][vc_column][vc_text_separator title=&#8221;SKF Dual-Line Automatic Lubrication Systems&#8221; color=&#8221;sky&#8221; element=&#8221;h1&#8243;][\/vc_column][vc_column width=&#8221;3\/5&#8243;][vc_empty_space][vc_column_text]TPM Engineering&#8217;s new distributor, SKF Dual Line Automatic Lubrication Systems, deliver effective results in large-scale machinery and challenging operating conditions, ensuring maximum efficiency by automating the lubrication process in industrial facilities.<\/p>\n<p>SKF dual-line systems provide precise and metered lubricant distribution over long distances\u2014120 meters or more\u2014to up to 2,000 lubrication points. Even if one pair of outlets in a distribution element becomes clogged, the system continues to provide adequate lubrication to all remaining lubrication points. The lubricant volume for each pair of outlets can be dosed separately, and this amount can be monitored visually or electrically.[\/vc_column_text][vc_images_carousel images=&#8221;6575,6577&#8243; img_size=&#8221;full&#8221;][vc_column_text]<\/p>\n<table>\n<tbody>\n<tr>\n<td width=\"321\">Advantages:<\/td>\n<td width=\"16\"><\/td>\n<td width=\"268\">Application Areas:<\/td>\n<\/tr>\n<tr>\n<td width=\"321\">\u00b7\u00a0 \u00a0 Flexible structure \u2013 The design is simple, the system can be easily scaled up or down.<\/td>\n<td width=\"16\"><\/td>\n<td width=\"268\">\u00b7\u00a0 \u00a0 \u00a0 \u00a0Heavy industry<\/p>\n<p>\u00b7\u00a0\u00a0\u00a0\u00a0\u00a0\u00a0\u00a0\u00a0 Metal processing plants<\/td>\n<\/tr>\n<tr>\n<td width=\"321\">\u00b7\u00a0 \u00a0 \u00a0 Reliable performance \u2013 Delivers precise and measured amounts of lubricant to up to 2,000 lubrication points at distances of up to 120 meters.<\/td>\n<td width=\"16\"><\/td>\n<td width=\"268\">\u00b7\u00a0 \u00a0 \u00a0 \u00a0Paper and pulp production<\/p>\n<p>\u00b7\u00a0\u00a0\u00a0\u00a0\u00a0\u00a0\u00a0\u00a0 Mining and mineral processing facilities<\/p>\n<p>\u00b7\u00a0\u00a0\u00a0\u00a0\u00a0\u00a0\u00a0\u00a0 Power plants<\/td>\n<\/tr>\n<tr>\n<td width=\"321\">\u00b7\u00a0\u00a0\u00a0\u00a0\u00a0\u00a0\u00a0 Wide range of applications \u2013 Adapts to different sectors and equipment.<\/td>\n<td width=\"16\"><\/td>\n<td width=\"268\">\u00b7\u00a0\u00a0\u00a0\u00a0\u00a0\u00a0\u00a0\u00a0 Cement factories<\/td>\n<\/tr>\n<tr>\n<td width=\"321\">\u00b7\u00a0 \u00a0 Works effectively in harsh conditions \u2013 High back pressure lubrication points can be used safely in harsh operating conditions such as dirty, damp or cold environments.<\/td>\n<td width=\"16\"><\/td>\n<td width=\"268\"><\/td>\n<\/tr>\n<\/tbody>\n<\/table>\n<p>[\/vc_column_text][vc_column_text]<\/p>\n<h2><strong>SKF Dual-Line Ya\u011flama Sistemleri Nas\u0131l \u00c7al\u0131\u015f\u0131r?<\/strong><\/h2>\n<p>[\/vc_column_text][vc_video link=&#8221;https:\/\/youtu.be\/EHNHVkDaplI&#8221;][vc_column_text]These <strong>SKF<\/strong> systems utilize two main lines, sequentially fed by a high-pressure pump via a change-over valve, and can operate at pressures up to 400 bar (5800 psi). Branch lines along the main lines are connected by dual-line dosing devices, providing large quantities of lubricant to the lubrication points. In large-diameter dual-line systems, end-of-line pressure switches are used at the end of the main lines for system control and monitoring.<\/p>\n<p>These flexible systems are simple in design and can be easily scaled up or down by adding or removing additional dosing devices, eliminating the need for system redesign. Dual-line dosing devices can be combined with progressive dosing devices located downstream to increase the number of lubrication points and provide small amounts of lubricant to each point.<\/p>\n<p>The operating principle consists of two half-cycles:<\/p>\n<p>In the first half-cycle, lubricant is pumped into main line (A), while main line (B) is connected to the pressure relief line. Directed by the changeover valve, the lubricant is delivered to the dosing devices. The dosing device pistons move to their preset end positions, thus dispensing a precise, metered amount of grease.<\/p>\n<p>After all dosing devices have delivered the lubricant to their consumption points, the system is hydraulically closed. This causes the pressure in main line (A) to rise, and the preset pressure is reached at the pressure switch located at the end of the line (installed in the main line before the last dosing device). The pressure switch sends an electrical signal to the control unit. The control unit stops the pump, triggers the changeover valve to depressurize main line (A), and a waiting period begins. At this stage, half of the lubrication points in the system are lubricated.<\/p>\n<p>In the second half cycle, main line (B) is pressurized, and the cycle continues in the same manner.<\/p>\n<p>With this method, dual-line systems provide reliable and precise lubrication at high pressure and over large areas.[\/vc_column_text][\/vc_column][vc_column width=&#8221;2\/5&#8243;][vc_empty_space][vc_row_inner][vc_column_inner][vc_raw_html]JTNDb2JqZWN0JTIwZGF0YSUzRCUyMmh0dHBzJTNBJTJGJTJGdHBtLmNvbS50ciUyRndwLWNvbnRlbnQlMkZ1cGxvYWRzJTJGMjAyNSUyRjA3JTJGMDkwMWQxOTY4MDkwODdlNl9wZGZfcHJldmlld19tZWRpdW0ucGRmJTIyJTIwdHlwZSUzRCUyMmFwcGxpY2F0aW9uJTJGcGRmJTIyJTIwc3R5bGUlM0QlMjJ3aWR0aCUzQTEwMCUyNSUzQiUyMGhlaWdodCUzQTY1MHB4JTIyJTNFJTBBJTIwJTIwJTIwJTIwJTIwJTIwJTIwJTIwJTNDZW1iZWQlMjBzcmMlM0QlMjJodHRwcyUzQSUyRiUyRnRwbS5jb20udHIlMkZ3cC1jb250ZW50JTJGdXBsb2FkcyUyRjIwMjUlMkYwNyUyRjA5MDFkMTk2ODA5MDg3ZTZfcGRmX3ByZXZpZXdfbWVkaXVtLnBkZiUyMiUyMHR5cGUlM0QlMjJhcHBsaWNhdGlvbiUyRnBkZiUyMiUyMCUyRiUzRSUwQSUyMCUyMCUyMCUyMCUzQyUyRm9iamVjdCUzRQ==[\/vc_raw_html][vc_single_image image=&#8221;6610&#8243; img_size=&#8221;300&#215;125&#8243; alignment=&#8221;center&#8221; onclick=&#8221;custom_link&#8221; img_link_target=&#8221;_blank&#8221; link=&#8221;https:\/\/tpm.com.tr\/wp-content\/uploads\/2025\/07\/0901d196809087e6_pdf_preview_medium.pdf&#8221;][\/vc_column_inner][\/vc_row_inner][vc_empty_space height=&#8221;90px&#8221;][vc_row_inner][vc_column_inner width=&#8221;1\/2&#8243;][\/vc_column_inner][vc_column_inner width=&#8221;1\/2&#8243;][\/vc_column_inner][\/vc_row_inner][\/vc_column][\/vc_row]<\/p>\n","protected":false},"excerpt":{"rendered":"<p>[vc_row][vc_column][vc_text_separator title=&#8221;SKF Dual-Line Automatic Lubrication Systems&#8221; color=&#8221;sky&#8221; element=&#8221;h1&#8243;][\/vc_column][vc_column width=&#8221;3\/5&#8243;][vc_empty_space][vc_column_text]TPM Engineering&#8217;s new distributor, SKF Dual Line Automatic Lubrication Systems, deliver effective results in large-scale machinery and challenging operating conditions, ensuring maximum efficiency by automating the lubrication process in industrial facilities. SKF dual-line systems provide precise and metered lubricant distribution over long distances\u2014120 meters or more\u2014to up [&hellip;]<\/p>\n","protected":false},"author":1,"featured_media":0,"parent":0,"menu_order":0,"comment_status":"closed","ping_status":"closed","template":"","meta":{"_daextinma_seo_power":"","_daextinma_enable_ail":"","footnotes":""},"yoast_head":"<!-- This site is optimized with the Yoast SEO plugin v21.6 - https:\/\/yoast.com\/wordpress\/plugins\/seo\/ -->\n<title>SKF Dual-Line Otomatik Ya\u011flama Sistemleri | TPM M\u00fchendislik<\/title>\n<meta name=\"description\" content=\"\u0130\u00e7indeki partik\u00fclleri ezmeden transfer etmeyi sa\u011flayan, y\u00fcksek emi\u015f kabiliyetli SKF Dual-Line Otomatik Ya\u011flama Sistemleri ve fiyatlar\u0131 i\u00e7in sitemizi ziyaret edebilirsiniz.\" \/>\n<meta name=\"robots\" content=\"index, follow, max-snippet:-1, max-image-preview:large, max-video-preview:-1\" \/>\n<link rel=\"canonical\" href=\"https:\/\/tpm.com.tr\/en\/skf-dual-line-automatic-lubrication-systems\/\" \/>\n<meta property=\"og:locale\" content=\"en_US\" \/>\n<meta property=\"og:type\" content=\"article\" \/>\n<meta property=\"og:title\" content=\"SKF Dual-Line Otomatik Ya\u011flama Sistemleri | TPM M\u00fchendislik\" \/>\n<meta property=\"og:description\" content=\"\u0130\u00e7indeki partik\u00fclleri ezmeden transfer etmeyi sa\u011flayan, y\u00fcksek emi\u015f kabiliyetli SKF Dual-Line Otomatik Ya\u011flama Sistemleri ve fiyatlar\u0131 i\u00e7in sitemizi ziyaret edebilirsiniz.\" \/>\n<meta property=\"og:url\" content=\"https:\/\/tpm.com.tr\/en\/skf-dual-line-automatic-lubrication-systems\/\" \/>\n<meta property=\"og:site_name\" content=\"TPM M\u00fchendislik\" \/>\n<meta property=\"article:modified_time\" content=\"2025-08-15T07:33:36+00:00\" \/>\n<meta name=\"twitter:card\" content=\"summary_large_image\" \/>\n<meta name=\"twitter:label1\" content=\"Est. reading time\" \/>\n\t<meta name=\"twitter:data1\" content=\"4 minutes\" \/>\n<script type=\"application\/ld+json\" class=\"yoast-schema-graph\">{\"@context\":\"https:\/\/schema.org\",\"@graph\":[{\"@type\":\"WebPage\",\"@id\":\"https:\/\/tpm.com.tr\/en\/skf-dual-line-automatic-lubrication-systems\/\",\"url\":\"https:\/\/tpm.com.tr\/en\/skf-dual-line-automatic-lubrication-systems\/\",\"name\":\"SKF Dual-Line Otomatik Ya\u011flama Sistemleri | TPM M\u00fchendislik\",\"isPartOf\":{\"@id\":\"https:\/\/tpm.com.tr\/#website\"},\"datePublished\":\"2025-07-31T08:17:27+00:00\",\"dateModified\":\"2025-08-15T07:33:36+00:00\",\"description\":\"\u0130\u00e7indeki partik\u00fclleri ezmeden transfer etmeyi sa\u011flayan, y\u00fcksek emi\u015f kabiliyetli SKF Dual-Line Otomatik Ya\u011flama Sistemleri ve fiyatlar\u0131 i\u00e7in sitemizi ziyaret edebilirsiniz.\",\"breadcrumb\":{\"@id\":\"https:\/\/tpm.com.tr\/en\/skf-dual-line-automatic-lubrication-systems\/#breadcrumb\"},\"inLanguage\":\"en-US\",\"potentialAction\":[{\"@type\":\"ReadAction\",\"target\":[\"https:\/\/tpm.com.tr\/en\/skf-dual-line-automatic-lubrication-systems\/\"]}]},{\"@type\":\"BreadcrumbList\",\"@id\":\"https:\/\/tpm.com.tr\/en\/skf-dual-line-automatic-lubrication-systems\/#breadcrumb\",\"itemListElement\":[{\"@type\":\"ListItem\",\"position\":1,\"name\":\"Anasayfa\",\"item\":\"https:\/\/tpm.com.tr\/en\/\"},{\"@type\":\"ListItem\",\"position\":2,\"name\":\"SKF Dual-Line Automatic Lubrication Systems\"}]},{\"@type\":\"WebSite\",\"@id\":\"https:\/\/tpm.com.tr\/#website\",\"url\":\"https:\/\/tpm.com.tr\/\",\"name\":\"TPM M\u00fchendislik\",\"description\":\"\",\"potentialAction\":[{\"@type\":\"SearchAction\",\"target\":{\"@type\":\"EntryPoint\",\"urlTemplate\":\"https:\/\/tpm.com.tr\/?s={search_term_string}\"},\"query-input\":\"required name=search_term_string\"}],\"inLanguage\":\"en-US\"}]}<\/script>\n<!-- \/ Yoast SEO plugin. -->","yoast_head_json":{"title":"SKF Dual-Line Otomatik Ya\u011flama Sistemleri | TPM M\u00fchendislik","description":"\u0130\u00e7indeki partik\u00fclleri ezmeden transfer etmeyi sa\u011flayan, y\u00fcksek emi\u015f kabiliyetli SKF Dual-Line Otomatik Ya\u011flama Sistemleri ve fiyatlar\u0131 i\u00e7in sitemizi ziyaret edebilirsiniz.","robots":{"index":"index","follow":"follow","max-snippet":"max-snippet:-1","max-image-preview":"max-image-preview:large","max-video-preview":"max-video-preview:-1"},"canonical":"https:\/\/tpm.com.tr\/en\/skf-dual-line-automatic-lubrication-systems\/","og_locale":"en_US","og_type":"article","og_title":"SKF Dual-Line Otomatik Ya\u011flama Sistemleri | TPM M\u00fchendislik","og_description":"\u0130\u00e7indeki partik\u00fclleri ezmeden transfer etmeyi sa\u011flayan, y\u00fcksek emi\u015f kabiliyetli SKF Dual-Line Otomatik Ya\u011flama Sistemleri ve fiyatlar\u0131 i\u00e7in sitemizi ziyaret edebilirsiniz.","og_url":"https:\/\/tpm.com.tr\/en\/skf-dual-line-automatic-lubrication-systems\/","og_site_name":"TPM M\u00fchendislik","article_modified_time":"2025-08-15T07:33:36+00:00","twitter_card":"summary_large_image","twitter_misc":{"Est. reading time":"4 minutes"},"schema":{"@context":"https:\/\/schema.org","@graph":[{"@type":"WebPage","@id":"https:\/\/tpm.com.tr\/en\/skf-dual-line-automatic-lubrication-systems\/","url":"https:\/\/tpm.com.tr\/en\/skf-dual-line-automatic-lubrication-systems\/","name":"SKF Dual-Line Otomatik Ya\u011flama Sistemleri | TPM M\u00fchendislik","isPartOf":{"@id":"https:\/\/tpm.com.tr\/#website"},"datePublished":"2025-07-31T08:17:27+00:00","dateModified":"2025-08-15T07:33:36+00:00","description":"\u0130\u00e7indeki partik\u00fclleri ezmeden transfer etmeyi sa\u011flayan, y\u00fcksek emi\u015f kabiliyetli SKF Dual-Line Otomatik Ya\u011flama Sistemleri ve fiyatlar\u0131 i\u00e7in sitemizi ziyaret edebilirsiniz.","breadcrumb":{"@id":"https:\/\/tpm.com.tr\/en\/skf-dual-line-automatic-lubrication-systems\/#breadcrumb"},"inLanguage":"en-US","potentialAction":[{"@type":"ReadAction","target":["https:\/\/tpm.com.tr\/en\/skf-dual-line-automatic-lubrication-systems\/"]}]},{"@type":"BreadcrumbList","@id":"https:\/\/tpm.com.tr\/en\/skf-dual-line-automatic-lubrication-systems\/#breadcrumb","itemListElement":[{"@type":"ListItem","position":1,"name":"Anasayfa","item":"https:\/\/tpm.com.tr\/en\/"},{"@type":"ListItem","position":2,"name":"SKF Dual-Line Automatic Lubrication Systems"}]},{"@type":"WebSite","@id":"https:\/\/tpm.com.tr\/#website","url":"https:\/\/tpm.com.tr\/","name":"TPM M\u00fchendislik","description":"","potentialAction":[{"@type":"SearchAction","target":{"@type":"EntryPoint","urlTemplate":"https:\/\/tpm.com.tr\/?s={search_term_string}"},"query-input":"required name=search_term_string"}],"inLanguage":"en-US"}]}},"_links":{"self":[{"href":"https:\/\/tpm.com.tr\/en\/wp-json\/wp\/v2\/pages\/6631\/"}],"collection":[{"href":"https:\/\/tpm.com.tr\/en\/wp-json\/wp\/v2\/pages\/"}],"about":[{"href":"https:\/\/tpm.com.tr\/en\/wp-json\/wp\/v2\/types\/page\/"}],"author":[{"embeddable":true,"href":"https:\/\/tpm.com.tr\/en\/wp-json\/wp\/v2\/users\/1\/"}],"replies":[{"embeddable":true,"href":"https:\/\/tpm.com.tr\/en\/wp-json\/wp\/v2\/comments\/?post=6631"}],"version-history":[{"count":3,"href":"https:\/\/tpm.com.tr\/en\/wp-json\/wp\/v2\/pages\/6631\/revisions\/"}],"predecessor-version":[{"id":6651,"href":"https:\/\/tpm.com.tr\/en\/wp-json\/wp\/v2\/pages\/6631\/revisions\/6651\/"}],"wp:attachment":[{"href":"https:\/\/tpm.com.tr\/en\/wp-json\/wp\/v2\/media\/?parent=6631"}],"curies":[{"name":"wp","href":"https:\/\/api.w.org\/{rel}","templated":true}]}}