{"id":6634,"date":"2025-07-31T08:24:42","date_gmt":"2025-07-31T08:24:42","guid":{"rendered":"https:\/\/tpm.com.tr\/skf-multi-line-otomatik-yaglama-sistemleri\/"},"modified":"2025-08-15T07:38:30","modified_gmt":"2025-08-15T07:38:30","slug":"skf-multi-line-automatic-lubrication-systems","status":"publish","type":"page","link":"https:\/\/tpm.com.tr\/en\/skf-multi-line-automatic-lubrication-systems\/","title":{"rendered":"SKF Multi-Line Automatic Lubrication Systems"},"content":{"rendered":"<p>[vc_row][vc_column][vc_text_separator title=&#8221;SKF Multi-Line Automatic Lubrication Systems&#8221; color=&#8221;sky&#8221; element=&#8221;h1&#8243;][\/vc_column][vc_column width=&#8221;3\/5&#8243;][vc_empty_space][vc_column_text]SKF Multi-Line Automatic Lubrication Systems, our new distributor as TPM Engineering, provide maximum efficiency by automating the lubrication process in industrial facilities.<\/p>\n<p>SKF multi-line pump units deliver lubricant directly to lubrication points without additional dosing devices. This means each lubrication point has its own dedicated pump element. The system design is simple, precise, and highly reliable. Multi-line pumps can be operated mechanically, electrically, or hydraulically. These easily replaceable pump elements are typically driven by an eccentric cam. By selecting different piston diameters and\/or stroke settings, individual lubrication volume adjustments can be made for each pump outlet.[\/vc_column_text][vc_column_text]<\/p>\n<table width=\"633\">\n<tbody>\n<tr>\n<td width=\"293\">Advantages:<\/td>\n<td width=\"16\"><\/td>\n<td width=\"324\">Application Areas:<\/td>\n<\/tr>\n<tr>\n<td width=\"293\">\u00b7\u00a0 \u00a0 \u00a0 Robust: Durable pump series designed for 24\/7 operation<\/td>\n<td width=\"16\"><\/td>\n<td width=\"324\">\u00b7\u00a0 \u00a0 \u00a0 Vacuum pumps, all types of compressors and hyper-compressor industry<\/td>\n<\/tr>\n<tr>\n<td width=\"293\">\u00b7\u00a0 \u00a0 \u00a0 Simple: continuous lubrication without an electric timer in most cases<\/td>\n<td width=\"16\"><\/td>\n<td width=\"324\">\u00b7\u00a0 \u00a0 \u00a0 \u00a0Valve and cylinder lining lubrication in combustion engines<\/p>\n<p>\u00b7\u00a0\u00a0\u00a0\u00a0\u00a0\u00a0\u00a0\u00a0 Crushers, cranes, and conveyors<\/td>\n<\/tr>\n<tr>\n<td width=\"293\">\u00b7\u00a0 \u00a0 \u00a0 \u00a0 \u00a0 \u00a0 Versatile: Pump element specifications and oil chamber size can be individually selected<\/td>\n<td width=\"16\"><\/td>\n<td width=\"324\">\u00b7\u00a0 \u00a0 \u00a0 \u00a0Applications with significant oil loss or very low oil circulation<\/p>\n<p>\u00b7\u00a0\u00a0\u00a0\u00a0\u00a0\u00a0\u00a0\u00a0 Pumps and compressors<\/td>\n<\/tr>\n<tr>\n<td width=\"293\">\u00b7\u00a0\u00a0\u00a0\u00a0\u00a0\u00a0\u00a0\u00a0 Precise: The desired stroke volume can be set on the pump element<\/td>\n<td width=\"16\"><\/td>\n<td width=\"324\">\u00b7\u00a0\u00a0\u00a0\u00a0\u00a0\u00a0\u00a0\u00a0 Rubber mixing machines, critical plasticizer oil supply<\/td>\n<\/tr>\n<tr>\n<td width=\"293\">\u00b7\u00a0\u00a0\u00a0\u00a0\u00a0\u00a0\u00a0\u00a0 Wide Viscosity Range: Thanks to special designs and small piston clearance<\/td>\n<td width=\"16\"><\/td>\n<td width=\"324\">\u00b7\u00a0\u00a0\u00a0\u00a0\u00a0\u00a0\u00a0\u00a0 Construction and mining machinery<\/p>\n<p>\u00b7\u00a0\u00a0\u00a0\u00a0\u00a0\u00a0\u00a0\u00a0 Tunnel boring machines<\/td>\n<\/tr>\n<tr>\n<td width=\"293\">\u00b7\u00a0\u00a0\u00a0\u00a0\u00a0\u00a0\u00a0\u00a0 ATEX Explosion-Proof Versions<\/td>\n<td width=\"16\"><\/td>\n<td width=\"324\">\u00b7\u00a0\u00a0\u00a0\u00a0\u00a0\u00a0\u00a0\u00a0 Forging, bending, forming and cutting presses<\/td>\n<\/tr>\n<tr>\n<td width=\"293\">\u00b7\u00a0\u00a0\u00a0\u00a0\u00a0\u00a0\u00a0\u00a0 Optional: Low control valves or progressive dosing devices can be added to the lower stage<\/td>\n<td width=\"16\"><\/td>\n<td width=\"324\">\u00b7\u00a0\u00a0\u00a0\u00a0\u00a0\u00a0\u00a0\u00a0 Rubber mixing machines<\/p>\n<p>\u00b7\u00a0\u00a0\u00a0\u00a0\u00a0\u00a0\u00a0\u00a0 Water and slurry pumps<\/p>\n<p>\u00b7\u00a0\u00a0\u00a0\u00a0\u00a0\u00a0\u00a0\u00a0 Complies with ATEX and API standards<\/td>\n<\/tr>\n<\/tbody>\n<\/table>\n<p>[\/vc_column_text][vc_column_text]<\/p>\n<h2>SKF Multi-line Lubrication Systems for Oil<\/h2>\n<p>SKF multi-line oil pumps provide reliable lubrication for heavy-duty machines in sensitive areas where excessive vibrations, high back pressures, or specific safety regulations apply.[\/vc_column_text][vc_single_image image=&#8221;6587&#8243; img_size=&#8221;full&#8221;][vc_column_text]<strong>System Features:<\/strong><\/p>\n<ul>\n<li>Consists of a pump unit, control\/monitoring devices, pipes, and connections<\/li>\n<li>Delivers lubricant directly to lubrication points without an additional metering device<\/li>\n<li>Each point has an independent pump element<\/li>\n<li>Can be operated mechanically, electrically, or hydraulically<\/li>\n<li>Flow rate range: 0\u2013227 cm\u00b3\/min (depending on the pump element)<\/li>\n<li>Lubrication volume can be adjusted via piston diameter and stroke setting<\/li>\n<li>Supports 1 to 28 outlets<\/li>\n<li>Withstands pressures up to 4000 bar, suitable for demanding industrial application<\/li>\n<\/ul>\n<h2>SKF Multi-line Lubrication Systems for Grease up to NLGI 3<\/h2>\n<p>SKF multi-line grease pumps are designed for use in high-load machines, in sensitive and\/or dirty areas, with a pressure requirement of 350 bar (5800 psi).[\/vc_column_text][vc_single_image image=&#8221;6589&#8243; img_size=&#8221;full&#8221;][vc_column_text]<strong>System Features:<\/strong><\/p>\n<ul>\n<li>Can be operated mechanically, electrically, or hydraulically<\/li>\n<li>Easily replaceable pump elements typically operate via an eccentric cam<\/li>\n<li>Flow rate range: 0\u201335 cm\u00b3\/min (depending on pump element size, drive speed, and transmission ratio)<\/li>\n<li>Internal mixer supports grease softening and operates synchronously with the pump element&#8217;s suction stroke<\/li>\n<li>Facilitates the flow of heavy grease into the suction chamber<\/li>\n<li>Provides the supply of heavy greases up to NLGI 3<\/li>\n<li>Individual lubrication volumes can be adjusted for each pump outlet with different piston diameters and stroke settings<\/li>\n<li>Number of outlets can range from 1 to 30<\/li>\n<li>Used in virtually all industries for demanding applications<\/li>\n<li>Most pump versions are available with dedicated oil reservoirs<\/li>\n<li>Suitable even for the use of plasticizer oils in the rubber industry<\/li>\n<\/ul>\n<p>[\/vc_column_text][\/vc_column][vc_column width=&#8221;2\/5&#8243;][vc_empty_space][vc_row_inner][vc_column_inner][vc_raw_html]JTNDb2JqZWN0JTIwZGF0YSUzRCUyMmh0dHBzJTNBJTJGJTJGdHBtLmNvbS50ciUyRndwLWNvbnRlbnQlMkZ1cGxvYWRzJTJGMjAyNSUyRjA3JTJGMDkwMWQxOTY4MDY1YTQ2MV9wZGZfcHJldmlld19tZWRpdW0ucGRmJTIyJTIwdHlwZSUzRCUyMmFwcGxpY2F0aW9uJTJGcGRmJTIyJTIwc3R5bGUlM0QlMjJ3aWR0aCUzQTEwMCUyNSUzQiUyMGhlaWdodCUzQTY1MHB4JTIyJTNFJTBBJTIwJTIwJTIwJTIwJTIwJTIwJTIwJTIwJTNDZW1iZWQlMjBzcmMlM0QlMjJodHRwcyUzQSUyRiUyRnRwbS5jb20udHIlMkZ3cC1jb250ZW50JTJGdXBsb2FkcyUyRjIwMjUlMkYwNyUyRjA5MDFkMTk2ODA2NWE0NjFfcGRmX3ByZXZpZXdfbWVkaXVtLnBkZiUyMiUyMHR5cGUlM0QlMjJhcHBsaWNhdGlvbiUyRnBkZiUyMiUyMCUyRiUzRSUwQSUyMCUyMCUyMCUyMCUzQyUyRm9iamVjdCUzRQ==[\/vc_raw_html][vc_single_image image=&#8221;6614&#8243; img_size=&#8221;300&#215;125&#8243; alignment=&#8221;center&#8221; onclick=&#8221;custom_link&#8221; img_link_target=&#8221;_blank&#8221; link=&#8221;https:\/\/tpm.com.tr\/wp-content\/uploads\/2025\/07\/0901d1968065a461_pdf_preview_medium.pdf&#8221;][\/vc_column_inner][\/vc_row_inner][vc_empty_space height=&#8221;90px&#8221;][vc_row_inner][vc_column_inner width=&#8221;1\/2&#8243;][\/vc_column_inner][vc_column_inner width=&#8221;1\/2&#8243;][\/vc_column_inner][\/vc_row_inner][\/vc_column][\/vc_row]<\/p>\n","protected":false},"excerpt":{"rendered":"<p>[vc_row][vc_column][vc_text_separator title=&#8221;SKF Multi-Line Automatic Lubrication Systems&#8221; color=&#8221;sky&#8221; element=&#8221;h1&#8243;][\/vc_column][vc_column width=&#8221;3\/5&#8243;][vc_empty_space][vc_column_text]SKF Multi-Line Automatic Lubrication Systems, our new distributor as TPM Engineering, provide maximum efficiency by automating the lubrication process in industrial facilities. SKF multi-line pump units deliver lubricant directly to lubrication points without additional dosing devices. This means each lubrication point has its own dedicated pump element. [&hellip;]<\/p>\n","protected":false},"author":1,"featured_media":0,"parent":0,"menu_order":0,"comment_status":"closed","ping_status":"closed","template":"","meta":{"_daextinma_seo_power":"","_daextinma_enable_ail":"","footnotes":""},"yoast_head":"<!-- This site is optimized with the Yoast SEO plugin v21.6 - https:\/\/yoast.com\/wordpress\/plugins\/seo\/ -->\n<title>SKF Multi-Line Otomatik Ya\u011flama Sistemleri | TPM M\u00fchendislik<\/title>\n<meta name=\"description\" content=\"\u0130\u00e7indeki partik\u00fclleri ezmeden transfer etmeyi sa\u011flayan, y\u00fcksek emi\u015f kabiliyetli SKF Multi-Line Otomatik Ya\u011flama Sistemleri ve fiyatlar\u0131 i\u00e7in sitemizi ziyaret edebilirsiniz.\" \/>\n<meta name=\"robots\" content=\"index, follow, max-snippet:-1, max-image-preview:large, max-video-preview:-1\" \/>\n<link rel=\"canonical\" href=\"https:\/\/tpm.com.tr\/en\/skf-multi-line-automatic-lubrication-systems\/\" \/>\n<meta property=\"og:locale\" content=\"en_US\" \/>\n<meta property=\"og:type\" content=\"article\" \/>\n<meta property=\"og:title\" content=\"SKF Multi-Line Otomatik Ya\u011flama Sistemleri | TPM M\u00fchendislik\" \/>\n<meta property=\"og:description\" content=\"\u0130\u00e7indeki partik\u00fclleri ezmeden transfer etmeyi sa\u011flayan, y\u00fcksek emi\u015f kabiliyetli SKF Multi-Line Otomatik Ya\u011flama Sistemleri ve fiyatlar\u0131 i\u00e7in sitemizi ziyaret edebilirsiniz.\" \/>\n<meta property=\"og:url\" content=\"https:\/\/tpm.com.tr\/en\/skf-multi-line-automatic-lubrication-systems\/\" \/>\n<meta property=\"og:site_name\" content=\"TPM M\u00fchendislik\" \/>\n<meta property=\"article:modified_time\" content=\"2025-08-15T07:38:30+00:00\" \/>\n<meta name=\"twitter:card\" content=\"summary_large_image\" \/>\n<meta name=\"twitter:label1\" content=\"Est. reading time\" \/>\n\t<meta name=\"twitter:data1\" content=\"4 minutes\" \/>\n<script type=\"application\/ld+json\" class=\"yoast-schema-graph\">{\"@context\":\"https:\/\/schema.org\",\"@graph\":[{\"@type\":\"WebPage\",\"@id\":\"https:\/\/tpm.com.tr\/en\/skf-multi-line-automatic-lubrication-systems\/\",\"url\":\"https:\/\/tpm.com.tr\/en\/skf-multi-line-automatic-lubrication-systems\/\",\"name\":\"SKF Multi-Line Otomatik Ya\u011flama Sistemleri | TPM M\u00fchendislik\",\"isPartOf\":{\"@id\":\"https:\/\/tpm.com.tr\/#website\"},\"datePublished\":\"2025-07-31T08:24:42+00:00\",\"dateModified\":\"2025-08-15T07:38:30+00:00\",\"description\":\"\u0130\u00e7indeki partik\u00fclleri ezmeden transfer etmeyi sa\u011flayan, y\u00fcksek emi\u015f kabiliyetli SKF Multi-Line Otomatik Ya\u011flama Sistemleri ve fiyatlar\u0131 i\u00e7in sitemizi ziyaret edebilirsiniz.\",\"breadcrumb\":{\"@id\":\"https:\/\/tpm.com.tr\/en\/skf-multi-line-automatic-lubrication-systems\/#breadcrumb\"},\"inLanguage\":\"en-US\",\"potentialAction\":[{\"@type\":\"ReadAction\",\"target\":[\"https:\/\/tpm.com.tr\/en\/skf-multi-line-automatic-lubrication-systems\/\"]}]},{\"@type\":\"BreadcrumbList\",\"@id\":\"https:\/\/tpm.com.tr\/en\/skf-multi-line-automatic-lubrication-systems\/#breadcrumb\",\"itemListElement\":[{\"@type\":\"ListItem\",\"position\":1,\"name\":\"Anasayfa\",\"item\":\"https:\/\/tpm.com.tr\/en\/\"},{\"@type\":\"ListItem\",\"position\":2,\"name\":\"SKF Multi-Line Automatic Lubrication Systems\"}]},{\"@type\":\"WebSite\",\"@id\":\"https:\/\/tpm.com.tr\/#website\",\"url\":\"https:\/\/tpm.com.tr\/\",\"name\":\"TPM M\u00fchendislik\",\"description\":\"\",\"potentialAction\":[{\"@type\":\"SearchAction\",\"target\":{\"@type\":\"EntryPoint\",\"urlTemplate\":\"https:\/\/tpm.com.tr\/?s={search_term_string}\"},\"query-input\":\"required name=search_term_string\"}],\"inLanguage\":\"en-US\"}]}<\/script>\n<!-- \/ Yoast SEO plugin. -->","yoast_head_json":{"title":"SKF Multi-Line Otomatik Ya\u011flama Sistemleri | TPM M\u00fchendislik","description":"\u0130\u00e7indeki partik\u00fclleri ezmeden transfer etmeyi sa\u011flayan, y\u00fcksek emi\u015f kabiliyetli SKF Multi-Line Otomatik Ya\u011flama Sistemleri ve fiyatlar\u0131 i\u00e7in sitemizi ziyaret edebilirsiniz.","robots":{"index":"index","follow":"follow","max-snippet":"max-snippet:-1","max-image-preview":"max-image-preview:large","max-video-preview":"max-video-preview:-1"},"canonical":"https:\/\/tpm.com.tr\/en\/skf-multi-line-automatic-lubrication-systems\/","og_locale":"en_US","og_type":"article","og_title":"SKF Multi-Line Otomatik Ya\u011flama Sistemleri | TPM M\u00fchendislik","og_description":"\u0130\u00e7indeki partik\u00fclleri ezmeden transfer etmeyi sa\u011flayan, y\u00fcksek emi\u015f kabiliyetli SKF Multi-Line Otomatik Ya\u011flama Sistemleri ve fiyatlar\u0131 i\u00e7in sitemizi ziyaret edebilirsiniz.","og_url":"https:\/\/tpm.com.tr\/en\/skf-multi-line-automatic-lubrication-systems\/","og_site_name":"TPM M\u00fchendislik","article_modified_time":"2025-08-15T07:38:30+00:00","twitter_card":"summary_large_image","twitter_misc":{"Est. reading time":"4 minutes"},"schema":{"@context":"https:\/\/schema.org","@graph":[{"@type":"WebPage","@id":"https:\/\/tpm.com.tr\/en\/skf-multi-line-automatic-lubrication-systems\/","url":"https:\/\/tpm.com.tr\/en\/skf-multi-line-automatic-lubrication-systems\/","name":"SKF Multi-Line Otomatik Ya\u011flama Sistemleri | TPM M\u00fchendislik","isPartOf":{"@id":"https:\/\/tpm.com.tr\/#website"},"datePublished":"2025-07-31T08:24:42+00:00","dateModified":"2025-08-15T07:38:30+00:00","description":"\u0130\u00e7indeki partik\u00fclleri ezmeden transfer etmeyi sa\u011flayan, y\u00fcksek emi\u015f kabiliyetli SKF Multi-Line Otomatik Ya\u011flama Sistemleri ve fiyatlar\u0131 i\u00e7in sitemizi ziyaret edebilirsiniz.","breadcrumb":{"@id":"https:\/\/tpm.com.tr\/en\/skf-multi-line-automatic-lubrication-systems\/#breadcrumb"},"inLanguage":"en-US","potentialAction":[{"@type":"ReadAction","target":["https:\/\/tpm.com.tr\/en\/skf-multi-line-automatic-lubrication-systems\/"]}]},{"@type":"BreadcrumbList","@id":"https:\/\/tpm.com.tr\/en\/skf-multi-line-automatic-lubrication-systems\/#breadcrumb","itemListElement":[{"@type":"ListItem","position":1,"name":"Anasayfa","item":"https:\/\/tpm.com.tr\/en\/"},{"@type":"ListItem","position":2,"name":"SKF Multi-Line Automatic Lubrication Systems"}]},{"@type":"WebSite","@id":"https:\/\/tpm.com.tr\/#website","url":"https:\/\/tpm.com.tr\/","name":"TPM M\u00fchendislik","description":"","potentialAction":[{"@type":"SearchAction","target":{"@type":"EntryPoint","urlTemplate":"https:\/\/tpm.com.tr\/?s={search_term_string}"},"query-input":"required name=search_term_string"}],"inLanguage":"en-US"}]}},"_links":{"self":[{"href":"https:\/\/tpm.com.tr\/en\/wp-json\/wp\/v2\/pages\/6634\/"}],"collection":[{"href":"https:\/\/tpm.com.tr\/en\/wp-json\/wp\/v2\/pages\/"}],"about":[{"href":"https:\/\/tpm.com.tr\/en\/wp-json\/wp\/v2\/types\/page\/"}],"author":[{"embeddable":true,"href":"https:\/\/tpm.com.tr\/en\/wp-json\/wp\/v2\/users\/1\/"}],"replies":[{"embeddable":true,"href":"https:\/\/tpm.com.tr\/en\/wp-json\/wp\/v2\/comments\/?post=6634"}],"version-history":[{"count":3,"href":"https:\/\/tpm.com.tr\/en\/wp-json\/wp\/v2\/pages\/6634\/revisions\/"}],"predecessor-version":[{"id":6653,"href":"https:\/\/tpm.com.tr\/en\/wp-json\/wp\/v2\/pages\/6634\/revisions\/6653\/"}],"wp:attachment":[{"href":"https:\/\/tpm.com.tr\/en\/wp-json\/wp\/v2\/media\/?parent=6634"}],"curies":[{"name":"wp","href":"https:\/\/api.w.org\/{rel}","templated":true}]}}