{"id":6638,"date":"2025-07-31T08:29:52","date_gmt":"2025-07-31T08:29:52","guid":{"rendered":"https:\/\/tpm.com.tr\/skf-progressive-progresif-otomatik-yaglama-sistemleri\/"},"modified":"2025-08-15T07:53:24","modified_gmt":"2025-08-15T07:53:24","slug":"skf-progressive-automatic-lubrication-systems","status":"publish","type":"page","link":"https:\/\/tpm.com.tr\/en\/skf-progressive-automatic-lubrication-systems\/","title":{"rendered":"SKF Progressive Automatic Lubrication Systems"},"content":{"rendered":"<p>[vc_row][vc_column][vc_text_separator title=&#8221;SKF Progressive Automatic Lubrication Systems&#8221; color=&#8221;sky&#8221; element=&#8221;h1&#8243;][\/vc_column][vc_column width=&#8221;3\/5&#8243;][vc_empty_space][vc_column_text]SKF Progressive Automatic Lubrication Systems, our new distributor at TPM Engineering, provide uninterrupted lubrication for small and medium-sized machines, maximizing efficiency in industrial facilities.<\/p>\n<p>SKF progressive systems provide continuous lubrication as long as the pump is operating. When the pump stops, the pistons of the progressive dosing device remain in their current position. When the pump resumes supplying lubricant, the pistons resume where they left off. Therefore, the progressive circuit at the pump outlet is only stopped when a lubrication point becomes clogged. This blockage serves as a warning to monitor the system and ensure maintenance.<\/p>\n<p>Depending on the dosing device selected, only one output of the primary or secondary dosing device at a pump outlet can be visually or electrically monitored.[\/vc_column_text][vc_images_carousel images=&#8221;6597,6599&#8243; img_size=&#8221;full&#8221;][vc_column_text]<\/p>\n<table width=\"633\">\n<tbody>\n<tr>\n<td width=\"293\">Advantages:<\/td>\n<td width=\"16\"><\/td>\n<td width=\"324\">Application Areas:<\/td>\n<\/tr>\n<tr>\n<td width=\"293\">\u00b7\u00a0\u00a0\u00a0\u00a0\u00a0\u00a0\u00a0\u00a0 Continuous lubrication: Provides frequent and metered amounts of lubricant to each lubrication point<\/td>\n<td width=\"16\"><\/td>\n<td width=\"324\">\u00b7\u00a0\u00a0\u00a0\u00a0\u00a0\u00a0\u00a0\u00a0 Construction machinery (concrete pumps, mortar pumps, loaders, excavators, trenchers)<\/td>\n<\/tr>\n<tr>\n<td width=\"293\">\u00b7\u00a0\u00a0\u00a0\u00a0\u00a0\u00a0\u00a0\u00a0 Reliable monitoring and control: Easy system monitoring and simple blockage control, integrated system control and monitoring<\/td>\n<td width=\"16\"><\/td>\n<td width=\"324\">\u00b7\u00a0\u00a0\u00a0\u00a0\u00a0\u00a0\u00a0\u00a0 Highway trucks (snow removal, waste compaction)<\/p>\n<p>\u00b7\u00a0\u00a0\u00a0\u00a0\u00a0\u00a0\u00a0\u00a0 Oil and gas industry, reciprocating compressors<\/td>\n<\/tr>\n<tr>\n<td width=\"293\">\u00b7\u00a0\u00a0\u00a0\u00a0\u00a0\u00a0\u00a0\u00a0 Effective in harsh conditions: High back pressure, dirty, damp and wet environments (including ATEX\/EEX) and reliable performance at low temperatures<\/td>\n<td width=\"16\"><\/td>\n<td width=\"324\">\u00b7\u00a0\u00a0\u00a0\u00a0\u00a0\u00a0\u00a0\u00a0 Agricultural machinery (harvesters, balers, fertilizer spreaders, sugarcane loaders)<\/p>\n<p>\u00b7\u00a0\u00a0\u00a0\u00a0\u00a0\u00a0\u00a0\u00a0 Wood recycling machinery<\/td>\n<\/tr>\n<tr>\n<td width=\"293\"><\/td>\n<td width=\"16\"><\/td>\n<td width=\"324\">\u00b7\u00a0\u00a0\u00a0\u00a0\u00a0\u00a0\u00a0\u00a0 Material handling equipment (reach stackers, crane trolleys)<\/td>\n<\/tr>\n<tr>\n<td width=\"293\"><\/td>\n<td width=\"16\"><\/td>\n<td width=\"324\">\u00b7\u00a0\u00a0\u00a0\u00a0\u00a0\u00a0\u00a0\u00a0 Asphalt mixing plants<\/p>\n<p>\u00b7\u00a0\u00a0\u00a0\u00a0\u00a0\u00a0\u00a0\u00a0 Wind turbine generators<\/td>\n<\/tr>\n<tr>\n<td width=\"293\"><\/td>\n<td width=\"16\"><\/td>\n<td width=\"324\">\u00b7\u00a0\u00a0\u00a0\u00a0\u00a0\u00a0\u00a0\u00a0 Food and beverage facilities (filling machines, washing machines)<\/td>\n<\/tr>\n<\/tbody>\n<\/table>\n<p>[\/vc_column_text][vc_column_text]<\/p>\n<h2>How Do SKF Progressive Lubrication Systems Work?<\/h2>\n<p>[\/vc_column_text][vc_video link=&#8221;https:\/\/youtu.be\/5swWP4Txtl0&#8243;][vc_column_text]SKF progressive systems consist of a pump connected to at least one primary dosing device. If necessary, depending on the pump&#8217;s operating pressure, second-level dosing devices can be connected to the primary dosing device outlets to increase the number of lubricated points. The outlets of the primary and second-level dosing devices are connected by branch lines connected to the machine&#8217;s lubrication points. The use of a third-level dosing device is not recommended. Depending on the model, the pump can supply lubricant to the dosing devices at pressures up to 550 bar (8000 psi). Depending on the type used, the dosing devices distribute the lubricant equally or in predetermined amounts and deliver it to the lubrication points or to the inlet of the connected secondary dosing device with positive displacement. The amount of lubricant delivered to each dosing device outlet depends on the type of dosing device used.<\/p>\n<p>SKF progressive systems provide continuous lubrication throughout the pump&#8217;s operation. When the pump stops, the pistons of the progressive dosing device remain in their current position. When the pump resumes supplying lubricant, the pistons resume where they left off. Therefore, the progressive circuit of a pump outlet stops only when one lubrication point becomes clogged. This blockage serves as a warning for system control and necessitates maintenance. Depending on the dosing device selected, only one outlet of the primary or secondary dosing device on a pump outlet can be visually or electrically monitored.<\/p>\n<p>SKF offers progressive systems that can precisely and meter lubricant to up to 150 lubrication points, depending on the situation, over a distance of approximately 15 m. In oil applications, distances of over 100 m can be achieved when used with flow restrictors.[\/vc_column_text][\/vc_column][vc_column width=&#8221;2\/5&#8243;][vc_empty_space][vc_row_inner][vc_column_inner][vc_raw_html]JTNDb2JqZWN0JTIwZGF0YSUzRCUyMmh0dHBzJTNBJTJGJTJGdHBtLmNvbS50ciUyRndwLWNvbnRlbnQlMkZ1cGxvYWRzJTJGMjAyNSUyRjA3JTJGMDkwMWQxOTY4MDU2N2UyZl9wZGZfcHJldmlld19tZWRpdW0ucGRmJTIyJTIwdHlwZSUzRCUyMmFwcGxpY2F0aW9uJTJGcGRmJTIyJTIwc3R5bGUlM0QlMjJ3aWR0aCUzQTEwMCUyNSUzQiUyMGhlaWdodCUzQTY1MHB4JTIyJTNFJTBBJTIwJTIwJTIwJTIwJTIwJTIwJTIwJTIwJTNDZW1iZWQlMjBzcmMlM0QlMjJodHRwcyUzQSUyRiUyRnRwbS5jb20udHIlMkZ3cC1jb250ZW50JTJGdXBsb2FkcyUyRjIwMjUlMkYwNyUyRjA5MDFkMTk2ODA1NjdlMmZfcGRmX3ByZXZpZXdfbWVkaXVtLnBkZiUyMiUyMHR5cGUlM0QlMjJhcHBsaWNhdGlvbiUyRnBkZiUyMiUyMCUyRiUzRSUwQSUyMCUyMCUyMCUyMCUzQyUyRm9iamVjdCUzRQ==[\/vc_raw_html][vc_single_image image=&#8221;6618&#8243; img_size=&#8221;300&#215;125&#8243; alignment=&#8221;center&#8221; onclick=&#8221;custom_link&#8221; img_link_target=&#8221;_blank&#8221; link=&#8221;https:\/\/tpm.com.tr\/wp-content\/uploads\/2025\/07\/0901d19680567e2f_pdf_preview_medium.pdf&#8221;][\/vc_column_inner][\/vc_row_inner][vc_empty_space height=&#8221;90px&#8221;][vc_row_inner][vc_column_inner width=&#8221;1\/2&#8243;][\/vc_column_inner][vc_column_inner width=&#8221;1\/2&#8243;][\/vc_column_inner][\/vc_row_inner][\/vc_column][\/vc_row]<\/p>\n","protected":false},"excerpt":{"rendered":"<p>[vc_row][vc_column][vc_text_separator title=&#8221;SKF Progressive Automatic Lubrication Systems&#8221; color=&#8221;sky&#8221; element=&#8221;h1&#8243;][\/vc_column][vc_column width=&#8221;3\/5&#8243;][vc_empty_space][vc_column_text]SKF Progressive Automatic Lubrication Systems, our new distributor at TPM Engineering, provide uninterrupted lubrication for small and medium-sized machines, maximizing efficiency in industrial facilities. SKF progressive systems provide continuous lubrication as long as the pump is operating. When the pump stops, the pistons of the progressive dosing [&hellip;]<\/p>\n","protected":false},"author":1,"featured_media":0,"parent":0,"menu_order":0,"comment_status":"closed","ping_status":"closed","template":"","meta":{"_daextinma_seo_power":"","_daextinma_enable_ail":"","footnotes":""},"yoast_head":"<!-- This site is optimized with the Yoast SEO plugin v21.6 - https:\/\/yoast.com\/wordpress\/plugins\/seo\/ -->\n<title>SKF Progressive (Progresif) Otomatik Ya\u011flama Sistemleri | TPM M\u00fchendislik<\/title>\n<meta name=\"description\" content=\"\u0130\u00e7indeki partik\u00fclleri ezmeden transfer etmeyi sa\u011flayan, y\u00fcksek emi\u015f kabiliyetli SKF Progressive (Progresif) Otomatik Ya\u011flama Sistemleri i\u00e7in sitemizi ziyaret edebilirsiniz.\" \/>\n<meta name=\"robots\" content=\"index, follow, max-snippet:-1, max-image-preview:large, max-video-preview:-1\" \/>\n<link rel=\"canonical\" href=\"https:\/\/tpm.com.tr\/en\/skf-progressive-automatic-lubrication-systems\/\" \/>\n<meta property=\"og:locale\" content=\"en_US\" \/>\n<meta property=\"og:type\" content=\"article\" \/>\n<meta property=\"og:title\" content=\"SKF Progressive (Progresif) Otomatik Ya\u011flama Sistemleri | TPM M\u00fchendislik\" \/>\n<meta property=\"og:description\" content=\"\u0130\u00e7indeki partik\u00fclleri ezmeden transfer etmeyi sa\u011flayan, y\u00fcksek emi\u015f kabiliyetli SKF Progressive (Progresif) Otomatik Ya\u011flama Sistemleri i\u00e7in sitemizi ziyaret edebilirsiniz.\" \/>\n<meta property=\"og:url\" content=\"https:\/\/tpm.com.tr\/en\/skf-progressive-automatic-lubrication-systems\/\" \/>\n<meta property=\"og:site_name\" content=\"TPM M\u00fchendislik\" \/>\n<meta property=\"article:modified_time\" content=\"2025-08-15T07:53:24+00:00\" \/>\n<meta name=\"twitter:card\" content=\"summary_large_image\" \/>\n<meta name=\"twitter:label1\" content=\"Est. reading time\" \/>\n\t<meta name=\"twitter:data1\" content=\"4 minutes\" \/>\n<script type=\"application\/ld+json\" class=\"yoast-schema-graph\">{\"@context\":\"https:\/\/schema.org\",\"@graph\":[{\"@type\":\"WebPage\",\"@id\":\"https:\/\/tpm.com.tr\/en\/skf-progressive-automatic-lubrication-systems\/\",\"url\":\"https:\/\/tpm.com.tr\/en\/skf-progressive-automatic-lubrication-systems\/\",\"name\":\"SKF Progressive (Progresif) Otomatik Ya\u011flama Sistemleri | TPM M\u00fchendislik\",\"isPartOf\":{\"@id\":\"https:\/\/tpm.com.tr\/#website\"},\"datePublished\":\"2025-07-31T08:29:52+00:00\",\"dateModified\":\"2025-08-15T07:53:24+00:00\",\"description\":\"\u0130\u00e7indeki partik\u00fclleri ezmeden transfer etmeyi sa\u011flayan, y\u00fcksek emi\u015f kabiliyetli SKF Progressive (Progresif) Otomatik Ya\u011flama Sistemleri i\u00e7in sitemizi ziyaret edebilirsiniz.\",\"breadcrumb\":{\"@id\":\"https:\/\/tpm.com.tr\/en\/skf-progressive-automatic-lubrication-systems\/#breadcrumb\"},\"inLanguage\":\"en-US\",\"potentialAction\":[{\"@type\":\"ReadAction\",\"target\":[\"https:\/\/tpm.com.tr\/en\/skf-progressive-automatic-lubrication-systems\/\"]}]},{\"@type\":\"BreadcrumbList\",\"@id\":\"https:\/\/tpm.com.tr\/en\/skf-progressive-automatic-lubrication-systems\/#breadcrumb\",\"itemListElement\":[{\"@type\":\"ListItem\",\"position\":1,\"name\":\"Anasayfa\",\"item\":\"https:\/\/tpm.com.tr\/en\/\"},{\"@type\":\"ListItem\",\"position\":2,\"name\":\"SKF Progressive Automatic Lubrication Systems\"}]},{\"@type\":\"WebSite\",\"@id\":\"https:\/\/tpm.com.tr\/#website\",\"url\":\"https:\/\/tpm.com.tr\/\",\"name\":\"TPM M\u00fchendislik\",\"description\":\"\",\"potentialAction\":[{\"@type\":\"SearchAction\",\"target\":{\"@type\":\"EntryPoint\",\"urlTemplate\":\"https:\/\/tpm.com.tr\/?s={search_term_string}\"},\"query-input\":\"required name=search_term_string\"}],\"inLanguage\":\"en-US\"}]}<\/script>\n<!-- \/ Yoast SEO plugin. -->","yoast_head_json":{"title":"SKF Progressive (Progresif) Otomatik Ya\u011flama Sistemleri | TPM M\u00fchendislik","description":"\u0130\u00e7indeki partik\u00fclleri ezmeden transfer etmeyi sa\u011flayan, y\u00fcksek emi\u015f kabiliyetli SKF Progressive (Progresif) Otomatik Ya\u011flama Sistemleri i\u00e7in sitemizi ziyaret edebilirsiniz.","robots":{"index":"index","follow":"follow","max-snippet":"max-snippet:-1","max-image-preview":"max-image-preview:large","max-video-preview":"max-video-preview:-1"},"canonical":"https:\/\/tpm.com.tr\/en\/skf-progressive-automatic-lubrication-systems\/","og_locale":"en_US","og_type":"article","og_title":"SKF Progressive (Progresif) Otomatik Ya\u011flama Sistemleri | TPM M\u00fchendislik","og_description":"\u0130\u00e7indeki partik\u00fclleri ezmeden transfer etmeyi sa\u011flayan, y\u00fcksek emi\u015f kabiliyetli SKF Progressive (Progresif) Otomatik Ya\u011flama Sistemleri i\u00e7in sitemizi ziyaret edebilirsiniz.","og_url":"https:\/\/tpm.com.tr\/en\/skf-progressive-automatic-lubrication-systems\/","og_site_name":"TPM M\u00fchendislik","article_modified_time":"2025-08-15T07:53:24+00:00","twitter_card":"summary_large_image","twitter_misc":{"Est. reading time":"4 minutes"},"schema":{"@context":"https:\/\/schema.org","@graph":[{"@type":"WebPage","@id":"https:\/\/tpm.com.tr\/en\/skf-progressive-automatic-lubrication-systems\/","url":"https:\/\/tpm.com.tr\/en\/skf-progressive-automatic-lubrication-systems\/","name":"SKF Progressive (Progresif) Otomatik Ya\u011flama Sistemleri | TPM M\u00fchendislik","isPartOf":{"@id":"https:\/\/tpm.com.tr\/#website"},"datePublished":"2025-07-31T08:29:52+00:00","dateModified":"2025-08-15T07:53:24+00:00","description":"\u0130\u00e7indeki partik\u00fclleri ezmeden transfer etmeyi sa\u011flayan, y\u00fcksek emi\u015f kabiliyetli SKF Progressive (Progresif) Otomatik Ya\u011flama Sistemleri i\u00e7in sitemizi ziyaret edebilirsiniz.","breadcrumb":{"@id":"https:\/\/tpm.com.tr\/en\/skf-progressive-automatic-lubrication-systems\/#breadcrumb"},"inLanguage":"en-US","potentialAction":[{"@type":"ReadAction","target":["https:\/\/tpm.com.tr\/en\/skf-progressive-automatic-lubrication-systems\/"]}]},{"@type":"BreadcrumbList","@id":"https:\/\/tpm.com.tr\/en\/skf-progressive-automatic-lubrication-systems\/#breadcrumb","itemListElement":[{"@type":"ListItem","position":1,"name":"Anasayfa","item":"https:\/\/tpm.com.tr\/en\/"},{"@type":"ListItem","position":2,"name":"SKF Progressive Automatic Lubrication Systems"}]},{"@type":"WebSite","@id":"https:\/\/tpm.com.tr\/#website","url":"https:\/\/tpm.com.tr\/","name":"TPM M\u00fchendislik","description":"","potentialAction":[{"@type":"SearchAction","target":{"@type":"EntryPoint","urlTemplate":"https:\/\/tpm.com.tr\/?s={search_term_string}"},"query-input":"required name=search_term_string"}],"inLanguage":"en-US"}]}},"_links":{"self":[{"href":"https:\/\/tpm.com.tr\/en\/wp-json\/wp\/v2\/pages\/6638\/"}],"collection":[{"href":"https:\/\/tpm.com.tr\/en\/wp-json\/wp\/v2\/pages\/"}],"about":[{"href":"https:\/\/tpm.com.tr\/en\/wp-json\/wp\/v2\/types\/page\/"}],"author":[{"embeddable":true,"href":"https:\/\/tpm.com.tr\/en\/wp-json\/wp\/v2\/users\/1\/"}],"replies":[{"embeddable":true,"href":"https:\/\/tpm.com.tr\/en\/wp-json\/wp\/v2\/comments\/?post=6638"}],"version-history":[{"count":3,"href":"https:\/\/tpm.com.tr\/en\/wp-json\/wp\/v2\/pages\/6638\/revisions\/"}],"predecessor-version":[{"id":6655,"href":"https:\/\/tpm.com.tr\/en\/wp-json\/wp\/v2\/pages\/6638\/revisions\/6655\/"}],"wp:attachment":[{"href":"https:\/\/tpm.com.tr\/en\/wp-json\/wp\/v2\/media\/?parent=6638"}],"curies":[{"name":"wp","href":"https:\/\/api.w.org\/{rel}","templated":true}]}}