{"id":6640,"date":"2025-07-31T08:09:06","date_gmt":"2025-07-31T08:09:06","guid":{"rendered":"https:\/\/tpm.com.tr\/skf-single-line-otomatik-yaglama-sistemleri\/"},"modified":"2025-08-15T07:57:46","modified_gmt":"2025-08-15T07:57:46","slug":"skf-single-line-automatic-lubrication-systems","status":"publish","type":"page","link":"https:\/\/tpm.com.tr\/en\/skf-single-line-automatic-lubrication-systems\/","title":{"rendered":"SKF Single-Line Automatic Lubrication Systems"},"content":{"rendered":"<p>[vc_row][vc_column][vc_text_separator title=&#8221;SKF Single-Line Automatic Lubrication Systems&#8221; color=&#8221;sky&#8221; element=&#8221;h1&#8243;][\/vc_column][vc_column width=&#8221;3\/5&#8243;][vc_empty_space][vc_column_text]SKF Single-Line Automatic Lubrication Systems, our new distributor as TPM Engineering, provide maximum efficiency by automating the lubrication process in industrial facilities.<\/p>\n<p>Regardless of the application, the operating principle of the SKF single-line lubrication system is the same:<\/p>\n<p>A central lubrication pump station automatically delivers oil or grease to the distribution elements via a single supply line. Each distribution element serves a single lubrication point and can be precisely adjusted to the required amount of oil or grease.<\/p>\n<p>These systems can be designed to:<\/p>\n<p>lubricate a single machine,<\/p>\n<p>different zones within a machine,<\/p>\n<p>or multiple separate machines.[\/vc_column_text][vc_images_carousel images=&#8221;6561,6563&#8243; img_size=&#8221;full&#8221;][vc_column_text]<\/p>\n<table>\n<tbody>\n<tr>\n<td width=\"321\">Advantages:<\/td>\n<td width=\"16\"><\/td>\n<td width=\"268\">Application Areas:<\/td>\n<\/tr>\n<tr>\n<td width=\"321\">\u00b7\u00a0\u00a0\u00a0\u00a0\u00a0\u00a0\u00a0\u00a0 Easy to understand, install and maintain.<\/td>\n<td width=\"16\"><\/td>\n<td width=\"268\">\u00b7\u00a0\u00a0\u00a0\u00a0\u00a0\u00a0\u00a0\u00a0 Machine tools<\/td>\n<\/tr>\n<tr>\n<td width=\"321\">\u00b7\u00a0\u00a0\u00a0\u00a0\u00a0\u00a0\u00a0\u00a0 Compatible with almost all lubricants (oil, fluid grease, solid grease, etc.).<\/td>\n<td width=\"16\"><\/td>\n<td width=\"268\">\u00b7\u00a0\u00a0\u00a0\u00a0\u00a0\u00a0\u00a0\u00a0 Printing machines<\/p>\n<p>\u00b7\u00a0\u00a0\u00a0\u00a0\u00a0\u00a0\u00a0\u00a0 Road and off-road vehicles<\/td>\n<\/tr>\n<tr>\n<td width=\"321\">\u00b7\u00a0\u00a0\u00a0\u00a0\u00a0\u00a0\u00a0\u00a0 Offers high reliability.<\/td>\n<td width=\"16\"><\/td>\n<td width=\"268\">\u00b7\u00a0\u00a0\u00a0\u00a0\u00a0\u00a0\u00a0\u00a0 Construction and forestry machinery<\/td>\n<\/tr>\n<tr>\n<td width=\"321\">\u00b7\u00a0\u00a0\u00a0\u00a0\u00a0\u00a0\u00a0\u00a0 Easily expandable system structure.<\/td>\n<td width=\"16\"><\/td>\n<td width=\"268\">\u00b7\u00a0\u00a0\u00a0\u00a0\u00a0\u00a0\u00a0\u00a0 Cement industry<\/td>\n<\/tr>\n<tr>\n<td width=\"321\">\u00b7\u00a0\u00a0\u00a0\u00a0\u00a0\u00a0\u00a0\u00a0 Even if a single lubrication point is blocked, the system continues to operate.<\/td>\n<td width=\"16\"><\/td>\n<td width=\"268\">\u00b7\u00a0\u00a0\u00a0\u00a0\u00a0\u00a0\u00a0\u00a0 Food and beverage industry<\/p>\n<p>\u00b7\u00a0\u00a0\u00a0\u00a0\u00a0\u00a0\u00a0\u00a0 Railway applications<\/td>\n<\/tr>\n<tr>\n<td width=\"321\">\u00b7\u00a0\u00a0\u00a0\u00a0\u00a0\u00a0\u00a0\u00a0 It can pump long distances and operate in a wide temperature range.<\/td>\n<td width=\"16\"><\/td>\n<td width=\"268\">\u00b7\u00a0\u00a0\u00a0\u00a0\u00a0\u00a0\u00a0\u00a0 Iron and steel industry, etc.<\/p>\n<p>\u00b7\u00a0\u00a0\u00a0\u00a0\u00a0\u00a0\u00a0\u00a0 Automation systems<\/td>\n<\/tr>\n<\/tbody>\n<\/table>\n<p>[\/vc_column_text][vc_column_text]<\/p>\n<h2>How Do SKF Single-Line Lubrication Systems Work?<\/h2>\n<p>[\/vc_column_text][vc_video link=&#8221;https:\/\/youtu.be\/G1CwisJAaQo&#8221;][vc_column_text]All single-line distribution elements operate almost in parallel. Two different operating principles can be applied:<\/p>\n<p><strong>1. Pre-lubrication distribution elements:<\/strong><\/p>\n<p>The pump delivers the lubricant to the distribution elements via the main line. These elements transfer a fixed amount of lubricant stored in advance to the lubrication points under the influence of the pump pressure. Then, the pressure in the main line is reduced, and the reservoir inside the distribution element is prepared to be refilled. In the next lubrication cycle, the lubricant is transmitted again.<\/p>\n<p><strong>2. Re-lubrication distribution elements:<\/strong><\/p>\n<p>During the lubrication cycle, the lubricant fills the storage chambers of the distribution elements. However, this lubricant is delivered to the lubrication points after the main line pressure is released (this effect is called \u201cre-lubrication\u201d).<\/p>\n<p><strong>In both types of distribution elements, the dosage amount can be easily adjusted by changing the dosage nipples on them.<\/strong>[\/vc_column_text][\/vc_column][vc_column width=&#8221;2\/5&#8243;][vc_empty_space][vc_row_inner][vc_column_inner][vc_raw_html]JTNDb2JqZWN0JTIwZGF0YSUzRCUyMmh0dHBzJTNBJTJGJTJGdHBtLmNvbS50ciUyRndwLWNvbnRlbnQlMkZ1cGxvYWRzJTJGMjAyNSUyRjA3JTJGMDkwMWQxOTY4MDVhZjYwYV9wZGZfcHJldmlld19tZWRpdW0ucGRmJTIyJTIwdHlwZSUzRCUyMmFwcGxpY2F0aW9uJTJGcGRmJTIyJTIwc3R5bGUlM0QlMjJ3aWR0aCUzQTEwMCUyNSUzQiUyMGhlaWdodCUzQTY1MHB4JTIyJTNFJTBBJTIwJTIwJTIwJTIwJTIwJTIwJTIwJTIwJTNDZW1iZWQlMjBzcmMlM0QlMjJodHRwcyUzQSUyRiUyRnRwbS5jb20udHIlMkZ3cC1jb250ZW50JTJGdXBsb2FkcyUyRjIwMjUlMkYwNyUyRjA5MDFkMTk2ODA1YWY2MGFfcGRmX3ByZXZpZXdfbWVkaXVtLnBkZiUyMiUyMHR5cGUlM0QlMjJhcHBsaWNhdGlvbiUyRnBkZiUyMiUyMCUyRiUzRSUwQSUyMCUyMCUyMCUyMCUzQyUyRm9iamVjdCUzRQ==[\/vc_raw_html][vc_single_image image=&#8221;6606&#8243; img_size=&#8221;300&#215;125&#8243; alignment=&#8221;center&#8221; onclick=&#8221;custom_link&#8221; img_link_target=&#8221;_blank&#8221; link=&#8221;https:\/\/tpm.com.tr\/wp-content\/uploads\/2025\/07\/0901d196805af60a_pdf_preview_medium.pdf&#8221;][\/vc_column_inner][\/vc_row_inner][vc_empty_space height=&#8221;90px&#8221;][vc_row_inner][vc_column_inner width=&#8221;1\/2&#8243;][\/vc_column_inner][vc_column_inner width=&#8221;1\/2&#8243;][\/vc_column_inner][\/vc_row_inner][\/vc_column][\/vc_row]<\/p>\n","protected":false},"excerpt":{"rendered":"<p>[vc_row][vc_column][vc_text_separator title=&#8221;SKF Single-Line Automatic Lubrication Systems&#8221; color=&#8221;sky&#8221; element=&#8221;h1&#8243;][\/vc_column][vc_column width=&#8221;3\/5&#8243;][vc_empty_space][vc_column_text]SKF Single-Line Automatic Lubrication Systems, our new distributor as TPM Engineering, provide maximum efficiency by automating the lubrication process in industrial facilities. Regardless of the application, the operating principle of the SKF single-line lubrication system is the same: A central lubrication pump station automatically delivers oil or [&hellip;]<\/p>\n","protected":false},"author":1,"featured_media":0,"parent":0,"menu_order":0,"comment_status":"closed","ping_status":"closed","template":"","meta":{"_daextinma_seo_power":"","_daextinma_enable_ail":"","footnotes":""},"yoast_head":"<!-- This site is optimized with the Yoast SEO plugin v21.6 - https:\/\/yoast.com\/wordpress\/plugins\/seo\/ -->\n<title>SKF Single-Line Otomatik Ya\u011flama Sistemleri| TPM M\u00fchendislik<\/title>\n<meta name=\"description\" content=\"\u0130\u00e7indeki partik\u00fclleri ezmeden transfer etmeyi sa\u011flayan, y\u00fcksek emi\u015f kabiliyetli SKF Single-Line Otomatik Ya\u011flama Sistemleri ve fiyatlar\u0131 i\u00e7in sitemizi ziyaret edebilirsiniz.\" \/>\n<meta name=\"robots\" content=\"index, follow, max-snippet:-1, max-image-preview:large, max-video-preview:-1\" \/>\n<link rel=\"canonical\" href=\"https:\/\/tpm.com.tr\/en\/skf-single-line-automatic-lubrication-systems\/\" \/>\n<meta property=\"og:locale\" content=\"en_US\" \/>\n<meta property=\"og:type\" content=\"article\" \/>\n<meta property=\"og:title\" content=\"SKF Single-Line Otomatik Ya\u011flama Sistemleri| TPM M\u00fchendislik\" \/>\n<meta property=\"og:description\" content=\"\u0130\u00e7indeki partik\u00fclleri ezmeden transfer etmeyi sa\u011flayan, y\u00fcksek emi\u015f kabiliyetli SKF Single-Line Otomatik Ya\u011flama Sistemleri ve fiyatlar\u0131 i\u00e7in sitemizi ziyaret edebilirsiniz.\" \/>\n<meta property=\"og:url\" content=\"https:\/\/tpm.com.tr\/en\/skf-single-line-automatic-lubrication-systems\/\" \/>\n<meta property=\"og:site_name\" content=\"TPM M\u00fchendislik\" \/>\n<meta property=\"article:modified_time\" content=\"2025-08-15T07:57:46+00:00\" \/>\n<meta name=\"twitter:card\" content=\"summary_large_image\" \/>\n<meta name=\"twitter:label1\" content=\"Est. reading time\" \/>\n\t<meta name=\"twitter:data1\" content=\"3 minutes\" \/>\n<script type=\"application\/ld+json\" class=\"yoast-schema-graph\">{\"@context\":\"https:\/\/schema.org\",\"@graph\":[{\"@type\":\"WebPage\",\"@id\":\"https:\/\/tpm.com.tr\/en\/skf-single-line-automatic-lubrication-systems\/\",\"url\":\"https:\/\/tpm.com.tr\/en\/skf-single-line-automatic-lubrication-systems\/\",\"name\":\"SKF Single-Line Otomatik Ya\u011flama Sistemleri| TPM M\u00fchendislik\",\"isPartOf\":{\"@id\":\"https:\/\/tpm.com.tr\/#website\"},\"datePublished\":\"2025-07-31T08:09:06+00:00\",\"dateModified\":\"2025-08-15T07:57:46+00:00\",\"description\":\"\u0130\u00e7indeki partik\u00fclleri ezmeden transfer etmeyi sa\u011flayan, y\u00fcksek emi\u015f kabiliyetli SKF Single-Line Otomatik Ya\u011flama Sistemleri ve fiyatlar\u0131 i\u00e7in sitemizi ziyaret edebilirsiniz.\",\"breadcrumb\":{\"@id\":\"https:\/\/tpm.com.tr\/en\/skf-single-line-automatic-lubrication-systems\/#breadcrumb\"},\"inLanguage\":\"en-US\",\"potentialAction\":[{\"@type\":\"ReadAction\",\"target\":[\"https:\/\/tpm.com.tr\/en\/skf-single-line-automatic-lubrication-systems\/\"]}]},{\"@type\":\"BreadcrumbList\",\"@id\":\"https:\/\/tpm.com.tr\/en\/skf-single-line-automatic-lubrication-systems\/#breadcrumb\",\"itemListElement\":[{\"@type\":\"ListItem\",\"position\":1,\"name\":\"Anasayfa\",\"item\":\"https:\/\/tpm.com.tr\/en\/\"},{\"@type\":\"ListItem\",\"position\":2,\"name\":\"SKF Single-Line Automatic Lubrication Systems\"}]},{\"@type\":\"WebSite\",\"@id\":\"https:\/\/tpm.com.tr\/#website\",\"url\":\"https:\/\/tpm.com.tr\/\",\"name\":\"TPM M\u00fchendislik\",\"description\":\"\",\"potentialAction\":[{\"@type\":\"SearchAction\",\"target\":{\"@type\":\"EntryPoint\",\"urlTemplate\":\"https:\/\/tpm.com.tr\/?s={search_term_string}\"},\"query-input\":\"required name=search_term_string\"}],\"inLanguage\":\"en-US\"}]}<\/script>\n<!-- \/ Yoast SEO plugin. -->","yoast_head_json":{"title":"SKF Single-Line Otomatik Ya\u011flama Sistemleri| TPM M\u00fchendislik","description":"\u0130\u00e7indeki partik\u00fclleri ezmeden transfer etmeyi sa\u011flayan, y\u00fcksek emi\u015f kabiliyetli SKF Single-Line Otomatik Ya\u011flama Sistemleri ve fiyatlar\u0131 i\u00e7in sitemizi ziyaret edebilirsiniz.","robots":{"index":"index","follow":"follow","max-snippet":"max-snippet:-1","max-image-preview":"max-image-preview:large","max-video-preview":"max-video-preview:-1"},"canonical":"https:\/\/tpm.com.tr\/en\/skf-single-line-automatic-lubrication-systems\/","og_locale":"en_US","og_type":"article","og_title":"SKF Single-Line Otomatik Ya\u011flama Sistemleri| TPM M\u00fchendislik","og_description":"\u0130\u00e7indeki partik\u00fclleri ezmeden transfer etmeyi sa\u011flayan, y\u00fcksek emi\u015f kabiliyetli SKF Single-Line Otomatik Ya\u011flama Sistemleri ve fiyatlar\u0131 i\u00e7in sitemizi ziyaret edebilirsiniz.","og_url":"https:\/\/tpm.com.tr\/en\/skf-single-line-automatic-lubrication-systems\/","og_site_name":"TPM M\u00fchendislik","article_modified_time":"2025-08-15T07:57:46+00:00","twitter_card":"summary_large_image","twitter_misc":{"Est. reading time":"3 minutes"},"schema":{"@context":"https:\/\/schema.org","@graph":[{"@type":"WebPage","@id":"https:\/\/tpm.com.tr\/en\/skf-single-line-automatic-lubrication-systems\/","url":"https:\/\/tpm.com.tr\/en\/skf-single-line-automatic-lubrication-systems\/","name":"SKF Single-Line Otomatik Ya\u011flama Sistemleri| TPM M\u00fchendislik","isPartOf":{"@id":"https:\/\/tpm.com.tr\/#website"},"datePublished":"2025-07-31T08:09:06+00:00","dateModified":"2025-08-15T07:57:46+00:00","description":"\u0130\u00e7indeki partik\u00fclleri ezmeden transfer etmeyi sa\u011flayan, y\u00fcksek emi\u015f kabiliyetli SKF Single-Line Otomatik Ya\u011flama Sistemleri ve fiyatlar\u0131 i\u00e7in sitemizi ziyaret edebilirsiniz.","breadcrumb":{"@id":"https:\/\/tpm.com.tr\/en\/skf-single-line-automatic-lubrication-systems\/#breadcrumb"},"inLanguage":"en-US","potentialAction":[{"@type":"ReadAction","target":["https:\/\/tpm.com.tr\/en\/skf-single-line-automatic-lubrication-systems\/"]}]},{"@type":"BreadcrumbList","@id":"https:\/\/tpm.com.tr\/en\/skf-single-line-automatic-lubrication-systems\/#breadcrumb","itemListElement":[{"@type":"ListItem","position":1,"name":"Anasayfa","item":"https:\/\/tpm.com.tr\/en\/"},{"@type":"ListItem","position":2,"name":"SKF Single-Line Automatic Lubrication Systems"}]},{"@type":"WebSite","@id":"https:\/\/tpm.com.tr\/#website","url":"https:\/\/tpm.com.tr\/","name":"TPM M\u00fchendislik","description":"","potentialAction":[{"@type":"SearchAction","target":{"@type":"EntryPoint","urlTemplate":"https:\/\/tpm.com.tr\/?s={search_term_string}"},"query-input":"required name=search_term_string"}],"inLanguage":"en-US"}]}},"_links":{"self":[{"href":"https:\/\/tpm.com.tr\/en\/wp-json\/wp\/v2\/pages\/6640\/"}],"collection":[{"href":"https:\/\/tpm.com.tr\/en\/wp-json\/wp\/v2\/pages\/"}],"about":[{"href":"https:\/\/tpm.com.tr\/en\/wp-json\/wp\/v2\/types\/page\/"}],"author":[{"embeddable":true,"href":"https:\/\/tpm.com.tr\/en\/wp-json\/wp\/v2\/users\/1\/"}],"replies":[{"embeddable":true,"href":"https:\/\/tpm.com.tr\/en\/wp-json\/wp\/v2\/comments\/?post=6640"}],"version-history":[{"count":3,"href":"https:\/\/tpm.com.tr\/en\/wp-json\/wp\/v2\/pages\/6640\/revisions\/"}],"predecessor-version":[{"id":6657,"href":"https:\/\/tpm.com.tr\/en\/wp-json\/wp\/v2\/pages\/6640\/revisions\/6657\/"}],"wp:attachment":[{"href":"https:\/\/tpm.com.tr\/en\/wp-json\/wp\/v2\/media\/?parent=6640"}],"curies":[{"name":"wp","href":"https:\/\/api.w.org\/{rel}","templated":true}]}}